{"id":791,"date":"2025-09-30T15:53:01","date_gmt":"2025-09-30T15:53:01","guid":{"rendered":"https:\/\/www.mct8.info\/?page_id=791"},"modified":"2025-09-30T15:53:01","modified_gmt":"2025-09-30T15:53:01","slug":"el-dia-mundial-del-mct8-sdha-2","status":"publish","type":"page","link":"https:\/\/www.mct8.info\/es\/el-dia-mundial-del-mct8-sdha-2\/","title":{"rendered":"El D\u00eda Mundial del MCT8-SDHA"},"content":{"rendered":"\n<p>El 8 de octubre de 2018 se celebr\u00f3 el primer D\u00eda Mundial del MCT8-SDHA. Este evento fue iniciado por MCT8-AHDS Foundation, la primera organizaci\u00f3n mundial dirigida por pacientes, con el fin de sensibilizar al p\u00fablico acerca de esta enfermedad.<\/p>\n\n\n\n<p>La idea de tener un D\u00eda Mundial del MCT8-SAHD ha aparecido en la comunidad desde hace tiempo, pero el momento nunca pareci\u00f3 oportuno para organizarlo. Sin embargo, una vez que se cre\u00f3 la MCT8-AHDS Foundation, con la ayuda y el apoyo de la Sherman Foundation, las cosas cambiaron. La comunidad se atrevi\u00f3 a so\u00f1ar en grande y as\u00ed lleg\u00f3 el momento justo.<\/p>\n\n\n\n<p>El principal objetivo del D\u00eda Mundial del MCT8-SAHD es sensibilizar a los dem\u00e1s. Tenemos que hacer saber a la gente que existimos, que nuestros desaf\u00edos son reales y que a veces nos enfrentamos a problemas muy graves; tenemos que enviar un mensaje de urgencia, ya que no hay cura o tratamiento para la deficiencia del MCT8 y, por \u00faltimo pero no menos importante, necesitamos tener una voz. A largo plazo, sin embargo, nuestro objetivo es cambiar la percepci\u00f3n y el comportamiento de la gente. Es deseable que la gente reconozca la existencia y la gravedad de este s\u00edndrome, pero es a\u00fan mejor que la gente se involucre y ayude, que cambie su percepci\u00f3n y su comportamiento hacia nuestros hijos. \u00c9ste es nuestro objetivo final.<\/p>\n\n\n\n<p>Hubo un amplio debate sobre la fecha en la que se deber\u00eda celebrar el D\u00eda Mundial del MCT8-SAHD. Pero nos pusimos todos de acuerdo en que el mes de octubre de 2003 ha sido un punto de inflexi\u00f3n en la investigaci\u00f3n cient\u00edfica del MCT8-SAHD. Este importante avance en la investigaci\u00f3n cient\u00edfica del SAHD fue la publicaci\u00f3n de un art\u00edculo que conectaba el fenotipo del s\u00edndrome de Allan-Herndon-Dudley con el transportador de monocarboxilatos 8 (MCT8). Finalmente, hemos elegido el d\u00eda 8 del mes por el nombre del transportador &#8211; MCT8. Elegir esta fecha es tambi\u00e9n nuestra manera de mostrar nuestro respeto y agradecimiento a la actividad de investigaci\u00f3n y a la memoria del Profesor Dr. Theo Visser.<\/p>\n\n\n\n<p>El D\u00eda Mundial del MCT8-SAHD es nuestro cumplea\u00f1os como comunidad, con todas las esperanzas y las expectativas asociadas a los cumplea\u00f1os. Es el d\u00eda en que nos olvidamos un poco de nuestras vidas tan llenas de problemas m\u00e9dicos complejos y miramos hacia el futuro, un d\u00eda en el que celebramos a nuestros hijos y al v\u00ednculo que tenemos como familia mundial del MCT8-SAHD. Es una celebraci\u00f3n llena de alegr\u00eda y de esperanza, pero tambi\u00e9n es un d\u00eda en el cual reconocemos los esfuerzos, la lucha y los desaf\u00edos a las que se enfrenta nuestra comunidad.<\/p>\n\n\n\n<p>1.&nbsp; Dumitrescu AM, Liao XH, Best TB, Brockmann K, Refetoff S A novel syndrome combining thyroid and neurological abnormalities is associated with mutations in a monocarboxylate transporter gene.&nbsp;<em>Am J Hum Genet,&nbsp;<\/em>2004; 74:168-175<\/p>\n\n\n\n<p>2.&nbsp;&nbsp;Friesema EC, Grueters A, Biebermann H, et al.&nbsp;Association between mutations in a thyroid hormone transporter and severe X-linked psychomotor retardation.&nbsp;<em>Lancet,&nbsp;<\/em>2004; 364:1435-1437<\/p>\n\n\n\n<figure class=\"wp-block-embed is-type-video is-provider-youtube wp-block-embed-youtube wp-embed-aspect-4-3 wp-has-aspect-ratio\"><div class=\"wp-block-embed__wrapper\">\n<iframe loading=\"lazy\" title=\"MCT8-AHDS Family\" width=\"500\" height=\"375\" src=\"https:\/\/www.youtube.com\/embed\/3ox_nPuJrss?feature=oembed\" frameborder=\"0\" allow=\"accelerometer; autoplay; clipboard-write; encrypted-media; gyroscope; picture-in-picture; web-share\" referrerpolicy=\"strict-origin-when-cross-origin\" allowfullscreen><\/iframe>\n<\/div><\/figure>\n\n\n\n<figure class=\"wp-block-embed is-type-video is-provider-youtube wp-block-embed-youtube wp-embed-aspect-4-3 wp-has-aspect-ratio\"><div class=\"wp-block-embed__wrapper\">\n<iframe loading=\"lazy\" title=\"World MCT8-AHDS Day 2018 - 1\" width=\"500\" height=\"375\" src=\"https:\/\/www.youtube.com\/embed\/wz-PsXvjRec?feature=oembed\" frameborder=\"0\" allow=\"accelerometer; autoplay; clipboard-write; encrypted-media; gyroscope; picture-in-picture; web-share\" referrerpolicy=\"strict-origin-when-cross-origin\" allowfullscreen><\/iframe>\n<\/div><\/figure>\n","protected":false},"excerpt":{"rendered":"<p>El 8 de octubre de 2018 se celebr\u00f3 el primer D\u00eda Mundial del MCT8-SDHA. Este evento fue iniciado por MCT8-AHDS Foundation, la primera organizaci\u00f3n mundial dirigida por pacientes, con el fin de sensibilizar al p\u00fablico acerca de esta enfermedad. La idea de tener un D\u00eda Mundial del MCT8-SAHD ha aparecido en la comunidad desde hace [&hellip;]<\/p>\n","protected":false},"author":2,"featured_media":0,"parent":0,"menu_order":0,"comment_status":"closed","ping_status":"closed","template":"","meta":{"footnotes":""},"class_list":["post-791","page","type-page","status-publish","hentry"],"yoast_head":"<!-- This site is optimized with the Yoast SEO plugin v25.4 - https:\/\/yoast.com\/wordpress\/plugins\/seo\/ -->\n<title>El D\u00eda Mundial del MCT8-SDHA - MCT8 - AHDS Foundation<\/title>\n<meta name=\"robots\" content=\"index, follow, max-snippet:-1, max-image-preview:large, max-video-preview:-1\" \/>\n<link rel=\"canonical\" href=\"https:\/\/www.mct8.info\/es\/el-dia-mundial-del-mct8-sdha-2\/\" \/>\n<meta property=\"og:locale\" content=\"es_ES\" \/>\n<meta property=\"og:type\" content=\"article\" \/>\n<meta property=\"og:title\" content=\"El D\u00eda Mundial del MCT8-SDHA - MCT8 - AHDS Foundation\" \/>\n<meta property=\"og:description\" content=\"El 8 de octubre de 2018 se celebr\u00f3 el primer D\u00eda Mundial del MCT8-SDHA. Este evento fue iniciado por MCT8-AHDS Foundation, la primera organizaci\u00f3n mundial dirigida por pacientes, con el fin de sensibilizar al p\u00fablico acerca de esta enfermedad. La idea de tener un D\u00eda Mundial del MCT8-SAHD ha aparecido en la comunidad desde hace [&hellip;]\" \/>\n<meta property=\"og:url\" content=\"https:\/\/www.mct8.info\/es\/el-dia-mundial-del-mct8-sdha-2\/\" \/>\n<meta property=\"og:site_name\" content=\"MCT8 - AHDS Foundation\" \/>\n<meta property=\"article:publisher\" content=\"https:\/\/www.facebook.com\/Mct8.AHDSFoundation\" \/>\n<meta name=\"twitter:card\" content=\"summary_large_image\" \/>\n<meta name=\"twitter:label1\" content=\"Est. reading time\" \/>\n\t<meta name=\"twitter:data1\" content=\"3 minutes\" \/>\n<script type=\"application\/ld+json\" class=\"yoast-schema-graph\">{\"@context\":\"https:\/\/schema.org\",\"@graph\":[{\"@type\":\"WebPage\",\"@id\":\"https:\/\/www.mct8.info\/es\/el-dia-mundial-del-mct8-sdha-2\/\",\"url\":\"https:\/\/www.mct8.info\/es\/el-dia-mundial-del-mct8-sdha-2\/\",\"name\":\"El D\u00eda Mundial del MCT8-SDHA - MCT8 - AHDS Foundation\",\"isPartOf\":{\"@id\":\"https:\/\/www.mct8.info\/es\/#website\"},\"datePublished\":\"2025-09-30T15:53:01+00:00\",\"breadcrumb\":{\"@id\":\"https:\/\/www.mct8.info\/es\/el-dia-mundial-del-mct8-sdha-2\/#breadcrumb\"},\"inLanguage\":\"es-ES\",\"potentialAction\":[{\"@type\":\"ReadAction\",\"target\":[\"https:\/\/www.mct8.info\/es\/el-dia-mundial-del-mct8-sdha-2\/\"]}]},{\"@type\":\"BreadcrumbList\",\"@id\":\"https:\/\/www.mct8.info\/es\/el-dia-mundial-del-mct8-sdha-2\/#breadcrumb\",\"itemListElement\":[{\"@type\":\"ListItem\",\"position\":1,\"name\":\"Home\",\"item\":\"https:\/\/www.mct8.info\/es\/\"},{\"@type\":\"ListItem\",\"position\":2,\"name\":\"El D\u00eda Mundial del MCT8-SDHA\"}]},{\"@type\":\"WebSite\",\"@id\":\"https:\/\/www.mct8.info\/es\/#website\",\"url\":\"https:\/\/www.mct8.info\/es\/\",\"name\":\"MCT8-AHDS is Non-Profit Foundation\",\"description\":\"MCT8 Deficiency also known as Allan-Herndon-Dudley\",\"publisher\":{\"@id\":\"https:\/\/www.mct8.info\/es\/#organization\"},\"potentialAction\":[{\"@type\":\"SearchAction\",\"target\":{\"@type\":\"EntryPoint\",\"urlTemplate\":\"https:\/\/www.mct8.info\/es\/?s={search_term_string}\"},\"query-input\":{\"@type\":\"PropertyValueSpecification\",\"valueRequired\":true,\"valueName\":\"search_term_string\"}}],\"inLanguage\":\"es-ES\"},{\"@type\":\"Organization\",\"@id\":\"https:\/\/www.mct8.info\/es\/#organization\",\"name\":\"MCT8-AHDS is Non-Profit Foundation\",\"url\":\"https:\/\/www.mct8.info\/es\/\",\"logo\":{\"@type\":\"ImageObject\",\"inLanguage\":\"es-ES\",\"@id\":\"https:\/\/www.mct8.info\/es\/#\/schema\/logo\/image\/\",\"url\":\"https:\/\/www.mct8.info\/wp-content\/uploads\/2024\/08\/Logo-AHDS-MCT8-Foundation_300px.png\",\"contentUrl\":\"https:\/\/www.mct8.info\/wp-content\/uploads\/2024\/08\/Logo-AHDS-MCT8-Foundation_300px.png\",\"width\":178,\"height\":60,\"caption\":\"MCT8-AHDS is Non-Profit Foundation\"},\"image\":{\"@id\":\"https:\/\/www.mct8.info\/es\/#\/schema\/logo\/image\/\"},\"sameAs\":[\"https:\/\/www.facebook.com\/Mct8.AHDSFoundation\"]}]}<\/script>\n<!-- \/ Yoast SEO plugin. -->","yoast_head_json":{"title":"El D\u00eda Mundial del MCT8-SDHA - MCT8 - AHDS Foundation","robots":{"index":"index","follow":"follow","max-snippet":"max-snippet:-1","max-image-preview":"max-image-preview:large","max-video-preview":"max-video-preview:-1"},"canonical":"https:\/\/www.mct8.info\/es\/el-dia-mundial-del-mct8-sdha-2\/","og_locale":"es_ES","og_type":"article","og_title":"El D\u00eda Mundial del MCT8-SDHA - MCT8 - AHDS Foundation","og_description":"El 8 de octubre de 2018 se celebr\u00f3 el primer D\u00eda Mundial del MCT8-SDHA. Este evento fue iniciado por MCT8-AHDS Foundation, la primera organizaci\u00f3n mundial dirigida por pacientes, con el fin de sensibilizar al p\u00fablico acerca de esta enfermedad. La idea de tener un D\u00eda Mundial del MCT8-SAHD ha aparecido en la comunidad desde hace [&hellip;]","og_url":"https:\/\/www.mct8.info\/es\/el-dia-mundial-del-mct8-sdha-2\/","og_site_name":"MCT8 - AHDS Foundation","article_publisher":"https:\/\/www.facebook.com\/Mct8.AHDSFoundation","twitter_card":"summary_large_image","twitter_misc":{"Est. reading time":"3 minutes"},"schema":{"@context":"https:\/\/schema.org","@graph":[{"@type":"WebPage","@id":"https:\/\/www.mct8.info\/es\/el-dia-mundial-del-mct8-sdha-2\/","url":"https:\/\/www.mct8.info\/es\/el-dia-mundial-del-mct8-sdha-2\/","name":"El D\u00eda Mundial del MCT8-SDHA - MCT8 - AHDS Foundation","isPartOf":{"@id":"https:\/\/www.mct8.info\/es\/#website"},"datePublished":"2025-09-30T15:53:01+00:00","breadcrumb":{"@id":"https:\/\/www.mct8.info\/es\/el-dia-mundial-del-mct8-sdha-2\/#breadcrumb"},"inLanguage":"es-ES","potentialAction":[{"@type":"ReadAction","target":["https:\/\/www.mct8.info\/es\/el-dia-mundial-del-mct8-sdha-2\/"]}]},{"@type":"BreadcrumbList","@id":"https:\/\/www.mct8.info\/es\/el-dia-mundial-del-mct8-sdha-2\/#breadcrumb","itemListElement":[{"@type":"ListItem","position":1,"name":"Home","item":"https:\/\/www.mct8.info\/es\/"},{"@type":"ListItem","position":2,"name":"El D\u00eda Mundial del MCT8-SDHA"}]},{"@type":"WebSite","@id":"https:\/\/www.mct8.info\/es\/#website","url":"https:\/\/www.mct8.info\/es\/","name":"MCT8-AHDS is Non-Profit Foundation","description":"MCT8 Deficiency also known as Allan-Herndon-Dudley","publisher":{"@id":"https:\/\/www.mct8.info\/es\/#organization"},"potentialAction":[{"@type":"SearchAction","target":{"@type":"EntryPoint","urlTemplate":"https:\/\/www.mct8.info\/es\/?s={search_term_string}"},"query-input":{"@type":"PropertyValueSpecification","valueRequired":true,"valueName":"search_term_string"}}],"inLanguage":"es-ES"},{"@type":"Organization","@id":"https:\/\/www.mct8.info\/es\/#organization","name":"MCT8-AHDS is Non-Profit Foundation","url":"https:\/\/www.mct8.info\/es\/","logo":{"@type":"ImageObject","inLanguage":"es-ES","@id":"https:\/\/www.mct8.info\/es\/#\/schema\/logo\/image\/","url":"https:\/\/www.mct8.info\/wp-content\/uploads\/2024\/08\/Logo-AHDS-MCT8-Foundation_300px.png","contentUrl":"https:\/\/www.mct8.info\/wp-content\/uploads\/2024\/08\/Logo-AHDS-MCT8-Foundation_300px.png","width":178,"height":60,"caption":"MCT8-AHDS is Non-Profit Foundation"},"image":{"@id":"https:\/\/www.mct8.info\/es\/#\/schema\/logo\/image\/"},"sameAs":["https:\/\/www.facebook.com\/Mct8.AHDSFoundation"]}]}},"_links":{"self":[{"href":"https:\/\/www.mct8.info\/es\/wp-json\/wp\/v2\/pages\/791","targetHints":{"allow":["GET"]}}],"collection":[{"href":"https:\/\/www.mct8.info\/es\/wp-json\/wp\/v2\/pages"}],"about":[{"href":"https:\/\/www.mct8.info\/es\/wp-json\/wp\/v2\/types\/page"}],"author":[{"embeddable":true,"href":"https:\/\/www.mct8.info\/es\/wp-json\/wp\/v2\/users\/2"}],"replies":[{"embeddable":true,"href":"https:\/\/www.mct8.info\/es\/wp-json\/wp\/v2\/comments?post=791"}],"version-history":[{"count":1,"href":"https:\/\/www.mct8.info\/es\/wp-json\/wp\/v2\/pages\/791\/revisions"}],"predecessor-version":[{"id":808,"href":"https:\/\/www.mct8.info\/es\/wp-json\/wp\/v2\/pages\/791\/revisions\/808"}],"wp:attachment":[{"href":"https:\/\/www.mct8.info\/es\/wp-json\/wp\/v2\/media?parent=791"}],"curies":[{"name":"wp","href":"https:\/\/api.w.org\/{rel}","templated":true}]}}