{"id":382,"date":"2023-11-25T15:45:35","date_gmt":"2023-11-25T15:45:35","guid":{"rendered":"https:\/\/www.mct8.info\/?page_id=382"},"modified":"2024-04-30T06:11:17","modified_gmt":"2024-04-30T06:11:17","slug":"contacte-con-un-medico","status":"publish","type":"page","link":"https:\/\/www.mct8.info\/es\/contacte-con-un-medico\/","title":{"rendered":"Contacte con un m\u00e9dico"},"content":{"rendered":"\n<h1 class=\"wp-block-heading\">Centros especializados en el MCT8-AHDS:<\/h1>\n\n\n\n<h3 class=\"wp-block-heading\">Estados Unidos<\/h3>\n\n\n\n<p>Samuel Refetoff, M.D.<br>Frederick H. Rawson&nbsp;Professor in Medicine<br>Professor of Pediatrics and Committee on Genetics<br>Director of the&nbsp;Endocrinology Laboratory and The Thyroid Study Unit<br>The University of&nbsp;Chicago, MC3090<br>5841 South Maryland Avenue<br>Chicago, IL 60637,&nbsp;<br>Tel:&nbsp;&nbsp;(1-773) 702-6939<br>FAX: (1-773) 702-6940<\/p>\n\n\n\n<p><a href=\"mailto:refetoff@uchicago.edu\" rel=\"noreferrer noopener\" target=\"_blank\">e-mail:&nbsp;refetoff@uchicago.edu<\/a><\/p>\n\n\n\n<h3 class=\"wp-block-heading\">Europa<\/h3>\n\n\n\n<p>Erasmus MC: University Medical Center Rotterdam<br>Dr. Edward Visser<br><a href=\"https:\/\/www.erasmusmc.nl\/schildkliercentrum\/centrum\/medewerkers\/w-e-visser\/\">https:\/\/www.erasmusmc.nl\/schildkliercentrum\/centrum\/medewerkers\/w-e-visser\/<\/a><\/p>\n\n\n\n<h2 class=\"wp-block-heading\">Otros centros con experiencia en enfermedades raras de la tiroides<\/h2>\n\n\n\n<h3 class=\"wp-block-heading\">Europa<\/h3>\n\n\n\n<h3 class=\"wp-block-heading\">B\u00e9lgica, Bruselas<\/h3>\n\n\n\n<p>Claudine Heinrichs &#8211; Cliniques universitaires de Bruxelles \u2013 H\u00f4pital Erasme<br>Dominique Maiter &#8211; Cliniques universitaires Saint-Luc<\/p>\n\n\n\n<h3 class=\"wp-block-heading\">Rep\u00fablica Checa, Praga<\/h3>\n\n\n\n<p>Jan Lebl &nbsp;&#8211; University Hospital Motol<\/p>\n\n\n\n<h3 class=\"wp-block-heading\">Dinamarca, Copenhague<\/h3>\n\n\n\n<p>Anders Juul &nbsp;&#8211; Copenhagen University Hospital, Rigshospitalet<\/p>\n\n\n\n<h3 class=\"wp-block-heading\">Estonia, Tartu<\/h3>\n\n\n\n<p>Vallo Tillmann \u00a0&#8211; Tartu University Hospital<\/p>\n\n\n\n<h3 class=\"wp-block-heading\">Francia:<\/h3>\n\n\n\n<p>Angers &#8211; Patrice Rodien &nbsp;&#8211; CHU Angers<br>Paris &#8211; J\u00e9r\u00f4me Bertherat &nbsp;&#8211; Assistance Publique \u2013 Consortium Cochin, Robert Debr\u00e9, Necker, St Antoine, La Piti\u00e9 Salp\u00e9tri\u00e8re, Trousseau University Hospitals<\/p>\n\n\n\n<h3 class=\"wp-block-heading\">Alemania:<\/h3>\n\n\n\n<p>Berlin &#8211; Joachim Spranger &nbsp;&#8211; Charit\u00e9 Universit\u00e4tsmedizin Berlin<br>Essen &#8211; Dagmar Fuhrer &#8211; Essen Center for Rare Disease<br>Lubeck &#8211; Olaf Hiort &#8211; Universit\u00e4tsklinikum Schleswig-Holstein<br>Mainz &#8211; Dirk Prawitt &#8211; University Medical Center Mainz<br>Marburg &#8211; Markus Luster &#8211; University Hospital Marburg<br>Munchen &#8211; Martin Reincke &nbsp;&#8211; Ludwig-Maximilian-University Munich<br>Wuerzburg &#8211; Martin Fassnacht &#8211; University Hospital W\u00fcrzburg<\/p>\n\n\n\n<h3 class=\"wp-block-heading\">Italia:<\/h3>\n\n\n\n<p>Bologna &#8211; Antonio Balsamo &#8211; Azienda Ospedaliera Sant\u2019Orsola Malpighi<br>Milano &#8211; Gianni Russo &#8211; Ospedale San Raffaele<br>Milano &#8211; Luca Persani &#8211; Istituto Auxologigo Italiano \u2013 Istituto di Ricovero e Cura a Carattere Scientifico<br>Napels &#8211; Annamaria Colao &#8211; Azienda Ospedaliera Universitaria \u201cFederico II\u201d, Napoli<br>Padova &#8211; Marco Boscaro &#8211; Azienda Ospedaliera di Padova (AOP)<br>Turin &#8211; Ezio Ghigo &#8211; Azienda Ospedaliero Universitaria Citt\u00e0 della Salute e della Scienza di Torino<\/p>\n\n\n\n<h3 class=\"wp-block-heading\">Lithuania, Kaunas:<\/h3>\n\n\n\n<p>Rasa Verkauskiene &#8211; Hospital of Lithuanian University of Health Sciences Kauno Klinikos<\/p>\n\n\n\n<h3 class=\"wp-block-heading\">Pa\u00edses Bajos:<\/h3>\n\n\n\n<p>Amsterdam &#8211; Johannes Romijn &#8211; Academic Medical Center Amsterdam<br>Groningen &#8211; Thera Links &#8211; University Medical Centre Groningen<br>Leiden &#8211; Nienke Biermasz &#8211; Leiden University Medical Center<br>Maastricht &#8211; Bas Havekes &#8211; Maastricht University Medical Center \u2013 Center for Thyroid Carcinoma<br>Nijmegen &#8211; Hedi Claahsen-van der Grinten &#8211; Radboud University Nijmegen Medical Centre \u2013 including Amalia\u2019s children Hospital<br>Rotterdam &#8211; Robin Peeters &#8211; Erasmus MC: University Medical Center Rotterdam<\/p>\n\n\n\n<h3 class=\"wp-block-heading\">Polonia, Gliwice:<\/h3>\n\n\n\n<p>Barbara Jarzab &#8211; Maria Sklodowska-Curie institute \u2013 Oncology Center Gliwice Branch<\/p>\n\n\n\n<h3 class=\"wp-block-heading\">Ruman\u00eda:<\/h3>\n\n\n\n<p>Bucharest &#8211; Spitalul Clinic de Psihiatrie \u201cProf. dr. Alexandru Obregia\u201d<br>Cluj-Napoca &#8211; Institute of Oncology \u201cProf dr. Ion Chiricuta\u201d CLUJ NAPOCA<\/p>\n\n\n\n<h3 class=\"wp-block-heading\">Eslovenia, Liubliana:<\/h3>\n\n\n\n<p>Tadej Battelino &#8211; University Medical Centre Ljubljana<\/p>\n\n\n\n<h3 class=\"wp-block-heading\">Espa\u00f1a, Barcelona:<\/h3>\n\n\n\n<p>Diego Yeste &#8211; Hospital Universitari Vall d\u2019Hebron<\/p>\n\n\n\n<h3 class=\"wp-block-heading\">Reino Unido:<\/h3>\n\n\n\n<p>Birmingham &#8211; Neil Gittoes &#8211; University Hospitals Birmingham \u2013 NHS Foundation Trust<br>Glasgow &#8211; Faisal Ahmed &#8211; NHS Greater Glasgow and Clyde Board<br>London &#8211; Mehul Dattani &#8211; Great Ormond Street Hospital\/UCLH \u2013 NHS Foundation Trust<\/p>\n\n\n\n<h3 class=\"wp-block-heading\">Israel:<\/h3>\n\n\n\n<p>Kaplan hospital<br>Wolfson hospital<\/p>\n\n\n\n<h3 class=\"wp-block-heading\">United States of America<\/h3>\n\n\n\n<p>California<br>UCSF Pediatric Endocrinology department<br>Georgia<br>Emory University<br>NP Children&#8217;s Health Center<br>Georgia Pediatrics Neurology<br>Indiana<br>Riley Children&#8217;s Hospital<br>Oklahoma<br>OU Children&#8217;s Hospital<br>South Carolina<br>Greenwood Genetic Center<\/p>\n","protected":false},"excerpt":{"rendered":"<p>Centros especializados en el MCT8-AHDS: Estados Unidos Samuel Refetoff, M.D.Frederick H. Rawson&nbsp;Professor in MedicineProfessor of Pediatrics and Committee on GeneticsDirector of the&nbsp;Endocrinology Laboratory and The Thyroid Study UnitThe University of&nbsp;Chicago, MC30905841 South Maryland AvenueChicago, IL 60637,&nbsp;Tel:&nbsp;&nbsp;(1-773) 702-6939FAX: (1-773) 702-6940 e-mail:&nbsp;refetoff@uchicago.edu Europa Erasmus MC: University Medical Center RotterdamDr. Edward Visserhttps:\/\/www.erasmusmc.nl\/schildkliercentrum\/centrum\/medewerkers\/w-e-visser\/ Otros centros con experiencia en enfermedades [&hellip;]<\/p>\n","protected":false},"author":1,"featured_media":0,"parent":0,"menu_order":0,"comment_status":"closed","ping_status":"closed","template":"","meta":{"footnotes":""},"class_list":["post-382","page","type-page","status-publish","hentry"],"yoast_head":"<!-- This site is optimized with the Yoast SEO plugin v25.4 - https:\/\/yoast.com\/wordpress\/plugins\/seo\/ -->\n<title>Contacte con un m\u00e9dico - MCT8 - AHDS Foundation<\/title>\n<meta name=\"robots\" content=\"index, follow, max-snippet:-1, max-image-preview:large, max-video-preview:-1\" \/>\n<link rel=\"canonical\" href=\"https:\/\/www.mct8.info\/es\/contacte-con-un-medico\/\" \/>\n<meta property=\"og:locale\" content=\"es_ES\" \/>\n<meta property=\"og:type\" content=\"article\" \/>\n<meta property=\"og:title\" content=\"Contacte con un m\u00e9dico - MCT8 - AHDS Foundation\" \/>\n<meta property=\"og:description\" content=\"Centros especializados en el MCT8-AHDS: Estados Unidos Samuel Refetoff, M.D.Frederick H. Rawson&nbsp;Professor in MedicineProfessor of Pediatrics and Committee on GeneticsDirector of the&nbsp;Endocrinology Laboratory and The Thyroid Study UnitThe University of&nbsp;Chicago, MC30905841 South Maryland AvenueChicago, IL 60637,&nbsp;Tel:&nbsp;&nbsp;(1-773) 702-6939FAX: (1-773) 702-6940 e-mail:&nbsp;refetoff@uchicago.edu Europa Erasmus MC: University Medical Center RotterdamDr. Edward Visserhttps:\/\/www.erasmusmc.nl\/schildkliercentrum\/centrum\/medewerkers\/w-e-visser\/ Otros centros con experiencia en enfermedades [&hellip;]\" \/>\n<meta property=\"og:url\" content=\"https:\/\/www.mct8.info\/es\/contacte-con-un-medico\/\" \/>\n<meta property=\"og:site_name\" content=\"MCT8 - AHDS Foundation\" \/>\n<meta property=\"article:publisher\" content=\"https:\/\/www.facebook.com\/Mct8.AHDSFoundation\" \/>\n<meta property=\"article:modified_time\" content=\"2024-04-30T06:11:17+00:00\" \/>\n<meta name=\"twitter:card\" content=\"summary_large_image\" \/>\n<meta name=\"twitter:label1\" content=\"Est. reading time\" \/>\n\t<meta name=\"twitter:data1\" content=\"2 minutes\" \/>\n<script type=\"application\/ld+json\" class=\"yoast-schema-graph\">{\"@context\":\"https:\/\/schema.org\",\"@graph\":[{\"@type\":\"WebPage\",\"@id\":\"https:\/\/www.mct8.info\/es\/contacte-con-un-medico\/\",\"url\":\"https:\/\/www.mct8.info\/es\/contacte-con-un-medico\/\",\"name\":\"Contacte con un m\u00e9dico - MCT8 - AHDS Foundation\",\"isPartOf\":{\"@id\":\"https:\/\/www.mct8.info\/es\/#website\"},\"datePublished\":\"2023-11-25T15:45:35+00:00\",\"dateModified\":\"2024-04-30T06:11:17+00:00\",\"breadcrumb\":{\"@id\":\"https:\/\/www.mct8.info\/es\/contacte-con-un-medico\/#breadcrumb\"},\"inLanguage\":\"es-ES\",\"potentialAction\":[{\"@type\":\"ReadAction\",\"target\":[\"https:\/\/www.mct8.info\/es\/contacte-con-un-medico\/\"]}]},{\"@type\":\"BreadcrumbList\",\"@id\":\"https:\/\/www.mct8.info\/es\/contacte-con-un-medico\/#breadcrumb\",\"itemListElement\":[{\"@type\":\"ListItem\",\"position\":1,\"name\":\"Home\",\"item\":\"https:\/\/www.mct8.info\/es\/\"},{\"@type\":\"ListItem\",\"position\":2,\"name\":\"Contacte con un m\u00e9dico\"}]},{\"@type\":\"WebSite\",\"@id\":\"https:\/\/www.mct8.info\/es\/#website\",\"url\":\"https:\/\/www.mct8.info\/es\/\",\"name\":\"MCT8-AHDS is Non-Profit Foundation\",\"description\":\"MCT8 Deficiency also known as Allan-Herndon-Dudley\",\"publisher\":{\"@id\":\"https:\/\/www.mct8.info\/es\/#organization\"},\"potentialAction\":[{\"@type\":\"SearchAction\",\"target\":{\"@type\":\"EntryPoint\",\"urlTemplate\":\"https:\/\/www.mct8.info\/es\/?s={search_term_string}\"},\"query-input\":{\"@type\":\"PropertyValueSpecification\",\"valueRequired\":true,\"valueName\":\"search_term_string\"}}],\"inLanguage\":\"es-ES\"},{\"@type\":\"Organization\",\"@id\":\"https:\/\/www.mct8.info\/es\/#organization\",\"name\":\"MCT8-AHDS is Non-Profit Foundation\",\"url\":\"https:\/\/www.mct8.info\/es\/\",\"logo\":{\"@type\":\"ImageObject\",\"inLanguage\":\"es-ES\",\"@id\":\"https:\/\/www.mct8.info\/es\/#\/schema\/logo\/image\/\",\"url\":\"https:\/\/www.mct8.info\/wp-content\/uploads\/2024\/08\/Logo-AHDS-MCT8-Foundation_300px.png\",\"contentUrl\":\"https:\/\/www.mct8.info\/wp-content\/uploads\/2024\/08\/Logo-AHDS-MCT8-Foundation_300px.png\",\"width\":178,\"height\":60,\"caption\":\"MCT8-AHDS is Non-Profit Foundation\"},\"image\":{\"@id\":\"https:\/\/www.mct8.info\/es\/#\/schema\/logo\/image\/\"},\"sameAs\":[\"https:\/\/www.facebook.com\/Mct8.AHDSFoundation\"]}]}<\/script>\n<!-- \/ Yoast SEO plugin. -->","yoast_head_json":{"title":"Contacte con un m\u00e9dico - MCT8 - AHDS Foundation","robots":{"index":"index","follow":"follow","max-snippet":"max-snippet:-1","max-image-preview":"max-image-preview:large","max-video-preview":"max-video-preview:-1"},"canonical":"https:\/\/www.mct8.info\/es\/contacte-con-un-medico\/","og_locale":"es_ES","og_type":"article","og_title":"Contacte con un m\u00e9dico - MCT8 - AHDS Foundation","og_description":"Centros especializados en el MCT8-AHDS: Estados Unidos Samuel Refetoff, M.D.Frederick H. Rawson&nbsp;Professor in MedicineProfessor of Pediatrics and Committee on GeneticsDirector of the&nbsp;Endocrinology Laboratory and The Thyroid Study UnitThe University of&nbsp;Chicago, MC30905841 South Maryland AvenueChicago, IL 60637,&nbsp;Tel:&nbsp;&nbsp;(1-773) 702-6939FAX: (1-773) 702-6940 e-mail:&nbsp;refetoff@uchicago.edu Europa Erasmus MC: University Medical Center RotterdamDr. Edward Visserhttps:\/\/www.erasmusmc.nl\/schildkliercentrum\/centrum\/medewerkers\/w-e-visser\/ Otros centros con experiencia en enfermedades [&hellip;]","og_url":"https:\/\/www.mct8.info\/es\/contacte-con-un-medico\/","og_site_name":"MCT8 - AHDS Foundation","article_publisher":"https:\/\/www.facebook.com\/Mct8.AHDSFoundation","article_modified_time":"2024-04-30T06:11:17+00:00","twitter_card":"summary_large_image","twitter_misc":{"Est. reading time":"2 minutes"},"schema":{"@context":"https:\/\/schema.org","@graph":[{"@type":"WebPage","@id":"https:\/\/www.mct8.info\/es\/contacte-con-un-medico\/","url":"https:\/\/www.mct8.info\/es\/contacte-con-un-medico\/","name":"Contacte con un m\u00e9dico - MCT8 - AHDS Foundation","isPartOf":{"@id":"https:\/\/www.mct8.info\/es\/#website"},"datePublished":"2023-11-25T15:45:35+00:00","dateModified":"2024-04-30T06:11:17+00:00","breadcrumb":{"@id":"https:\/\/www.mct8.info\/es\/contacte-con-un-medico\/#breadcrumb"},"inLanguage":"es-ES","potentialAction":[{"@type":"ReadAction","target":["https:\/\/www.mct8.info\/es\/contacte-con-un-medico\/"]}]},{"@type":"BreadcrumbList","@id":"https:\/\/www.mct8.info\/es\/contacte-con-un-medico\/#breadcrumb","itemListElement":[{"@type":"ListItem","position":1,"name":"Home","item":"https:\/\/www.mct8.info\/es\/"},{"@type":"ListItem","position":2,"name":"Contacte con un m\u00e9dico"}]},{"@type":"WebSite","@id":"https:\/\/www.mct8.info\/es\/#website","url":"https:\/\/www.mct8.info\/es\/","name":"MCT8-AHDS is Non-Profit Foundation","description":"MCT8 Deficiency also known as Allan-Herndon-Dudley","publisher":{"@id":"https:\/\/www.mct8.info\/es\/#organization"},"potentialAction":[{"@type":"SearchAction","target":{"@type":"EntryPoint","urlTemplate":"https:\/\/www.mct8.info\/es\/?s={search_term_string}"},"query-input":{"@type":"PropertyValueSpecification","valueRequired":true,"valueName":"search_term_string"}}],"inLanguage":"es-ES"},{"@type":"Organization","@id":"https:\/\/www.mct8.info\/es\/#organization","name":"MCT8-AHDS is Non-Profit Foundation","url":"https:\/\/www.mct8.info\/es\/","logo":{"@type":"ImageObject","inLanguage":"es-ES","@id":"https:\/\/www.mct8.info\/es\/#\/schema\/logo\/image\/","url":"https:\/\/www.mct8.info\/wp-content\/uploads\/2024\/08\/Logo-AHDS-MCT8-Foundation_300px.png","contentUrl":"https:\/\/www.mct8.info\/wp-content\/uploads\/2024\/08\/Logo-AHDS-MCT8-Foundation_300px.png","width":178,"height":60,"caption":"MCT8-AHDS is Non-Profit Foundation"},"image":{"@id":"https:\/\/www.mct8.info\/es\/#\/schema\/logo\/image\/"},"sameAs":["https:\/\/www.facebook.com\/Mct8.AHDSFoundation"]}]}},"_links":{"self":[{"href":"https:\/\/www.mct8.info\/es\/wp-json\/wp\/v2\/pages\/382","targetHints":{"allow":["GET"]}}],"collection":[{"href":"https:\/\/www.mct8.info\/es\/wp-json\/wp\/v2\/pages"}],"about":[{"href":"https:\/\/www.mct8.info\/es\/wp-json\/wp\/v2\/types\/page"}],"author":[{"embeddable":true,"href":"https:\/\/www.mct8.info\/es\/wp-json\/wp\/v2\/users\/1"}],"replies":[{"embeddable":true,"href":"https:\/\/www.mct8.info\/es\/wp-json\/wp\/v2\/comments?post=382"}],"version-history":[{"count":1,"href":"https:\/\/www.mct8.info\/es\/wp-json\/wp\/v2\/pages\/382\/revisions"}],"predecessor-version":[{"id":383,"href":"https:\/\/www.mct8.info\/es\/wp-json\/wp\/v2\/pages\/382\/revisions\/383"}],"wp:attachment":[{"href":"https:\/\/www.mct8.info\/es\/wp-json\/wp\/v2\/media?parent=382"}],"curies":[{"name":"wp","href":"https:\/\/api.w.org\/{rel}","templated":true}]}}