{"id":379,"date":"2023-11-25T15:46:20","date_gmt":"2023-11-25T15:46:20","guid":{"rendered":"https:\/\/www.mct8.info\/?page_id=379"},"modified":"2025-02-11T15:58:51","modified_gmt":"2025-02-11T15:58:51","slug":"subvenciones","status":"publish","type":"page","link":"https:\/\/www.mct8.info\/es\/subvenciones\/","title":{"rendered":"Subvenciones"},"content":{"rendered":"\n<p>La Fundaci\u00f3n MCT8-AHDS tiene como objetivo apoyar a los pacientes y sus familias.<\/p>\n\n\n\n<p>Invitamos a las familias a solicitar una subvenci\u00f3n de apoyo de la Fundaci\u00f3n MCT8-AHDS.<\/p>\n\n\n\n<p>Las solicitudes se aceptan en cualquier momento del a\u00f1o.<\/p>\n\n\n\n<p>Para solicitar una subvenci\u00f3n de apoyo de la Fundaci\u00f3n MCT8-AHDS:<\/p>\n\n\n\n<p>Descargue este formulario a continuaci\u00f3n y, cuando lo complete, env\u00edelo por correo electr\u00f3nico a contact@mct8.info<\/p>\n\n\n\n<div data-wp-interactive=\"core\/file\" class=\"wp-block-file\"><object data-wp-bind--hidden=\"!state.hasPdfPreview\" hidden class=\"wp-block-file__embed\" data=\"https:\/\/www.mct8.info\/wp-content\/uploads\/2025\/02\/MCT8-AHDS-Grants-Application-Form_Revised-Jan-2025-1.pdf\" type=\"application\/pdf\" style=\"width:100%;height:600px\" aria-label=\"Embed of MCT8-AHDS Grants Application Form_Revised Jan 2025.\"><\/object><a id=\"wp-block-file--media-1d4a1b1a-4047-482a-8774-3a820d12df86\" href=\"https:\/\/www.mct8.info\/wp-content\/uploads\/2025\/02\/MCT8-AHDS-Grants-Application-Form_Revised-Jan-2025-1.pdf\">MCT8-AHDS Grants Application Form_Revised Jan 2025<\/a><a href=\"https:\/\/www.mct8.info\/wp-content\/uploads\/2025\/02\/MCT8-AHDS-Grants-Application-Form_Revised-Jan-2025-1.pdf\" class=\"wp-block-file__button wp-element-button\" download aria-describedby=\"wp-block-file--media-1d4a1b1a-4047-482a-8774-3a820d12df86\">Download<\/a><\/div>\n","protected":false},"excerpt":{"rendered":"<p>La Fundaci\u00f3n MCT8-AHDS tiene como objetivo apoyar a los pacientes y sus familias. Invitamos a las familias a solicitar una subvenci\u00f3n de apoyo de la Fundaci\u00f3n MCT8-AHDS. Las solicitudes se aceptan en cualquier momento del a\u00f1o. Para solicitar una subvenci\u00f3n de apoyo de la Fundaci\u00f3n MCT8-AHDS: Descargue este formulario a continuaci\u00f3n y, cuando lo complete, [&hellip;]<\/p>\n","protected":false},"author":1,"featured_media":0,"parent":0,"menu_order":0,"comment_status":"closed","ping_status":"closed","template":"","meta":{"footnotes":""},"class_list":["post-379","page","type-page","status-publish","hentry"],"yoast_head":"<!-- This site is optimized with the Yoast SEO plugin v25.4 - https:\/\/yoast.com\/wordpress\/plugins\/seo\/ -->\n<title>Subvenciones - MCT8 - AHDS Foundation<\/title>\n<meta name=\"robots\" content=\"index, follow, max-snippet:-1, max-image-preview:large, max-video-preview:-1\" \/>\n<link rel=\"canonical\" href=\"https:\/\/www.mct8.info\/es\/subvenciones\/\" \/>\n<meta property=\"og:locale\" content=\"es_ES\" \/>\n<meta property=\"og:type\" content=\"article\" \/>\n<meta property=\"og:title\" content=\"Subvenciones - MCT8 - AHDS Foundation\" \/>\n<meta property=\"og:description\" content=\"La Fundaci\u00f3n MCT8-AHDS tiene como objetivo apoyar a los pacientes y sus familias. Invitamos a las familias a solicitar una subvenci\u00f3n de apoyo de la Fundaci\u00f3n MCT8-AHDS. Las solicitudes se aceptan en cualquier momento del a\u00f1o. Para solicitar una subvenci\u00f3n de apoyo de la Fundaci\u00f3n MCT8-AHDS: Descargue este formulario a continuaci\u00f3n y, cuando lo complete, [&hellip;]\" \/>\n<meta property=\"og:url\" content=\"https:\/\/www.mct8.info\/es\/subvenciones\/\" \/>\n<meta property=\"og:site_name\" content=\"MCT8 - AHDS Foundation\" \/>\n<meta property=\"article:publisher\" content=\"https:\/\/www.facebook.com\/Mct8.AHDSFoundation\" \/>\n<meta property=\"article:modified_time\" content=\"2025-02-11T15:58:51+00:00\" \/>\n<meta name=\"twitter:card\" content=\"summary_large_image\" \/>\n<meta name=\"twitter:label1\" content=\"Est. reading time\" \/>\n\t<meta name=\"twitter:data1\" content=\"1 minute\" \/>\n<script type=\"application\/ld+json\" class=\"yoast-schema-graph\">{\"@context\":\"https:\/\/schema.org\",\"@graph\":[{\"@type\":\"WebPage\",\"@id\":\"https:\/\/www.mct8.info\/es\/subvenciones\/\",\"url\":\"https:\/\/www.mct8.info\/es\/subvenciones\/\",\"name\":\"Subvenciones - MCT8 - AHDS Foundation\",\"isPartOf\":{\"@id\":\"https:\/\/www.mct8.info\/es\/#website\"},\"datePublished\":\"2023-11-25T15:46:20+00:00\",\"dateModified\":\"2025-02-11T15:58:51+00:00\",\"breadcrumb\":{\"@id\":\"https:\/\/www.mct8.info\/es\/subvenciones\/#breadcrumb\"},\"inLanguage\":\"es-ES\",\"potentialAction\":[{\"@type\":\"ReadAction\",\"target\":[\"https:\/\/www.mct8.info\/es\/subvenciones\/\"]}]},{\"@type\":\"BreadcrumbList\",\"@id\":\"https:\/\/www.mct8.info\/es\/subvenciones\/#breadcrumb\",\"itemListElement\":[{\"@type\":\"ListItem\",\"position\":1,\"name\":\"Home\",\"item\":\"https:\/\/www.mct8.info\/es\/\"},{\"@type\":\"ListItem\",\"position\":2,\"name\":\"Subvenciones\"}]},{\"@type\":\"WebSite\",\"@id\":\"https:\/\/www.mct8.info\/es\/#website\",\"url\":\"https:\/\/www.mct8.info\/es\/\",\"name\":\"MCT8-AHDS is Non-Profit Foundation\",\"description\":\"MCT8 Deficiency also known as Allan-Herndon-Dudley\",\"publisher\":{\"@id\":\"https:\/\/www.mct8.info\/es\/#organization\"},\"potentialAction\":[{\"@type\":\"SearchAction\",\"target\":{\"@type\":\"EntryPoint\",\"urlTemplate\":\"https:\/\/www.mct8.info\/es\/?s={search_term_string}\"},\"query-input\":{\"@type\":\"PropertyValueSpecification\",\"valueRequired\":true,\"valueName\":\"search_term_string\"}}],\"inLanguage\":\"es-ES\"},{\"@type\":\"Organization\",\"@id\":\"https:\/\/www.mct8.info\/es\/#organization\",\"name\":\"MCT8-AHDS is Non-Profit Foundation\",\"url\":\"https:\/\/www.mct8.info\/es\/\",\"logo\":{\"@type\":\"ImageObject\",\"inLanguage\":\"es-ES\",\"@id\":\"https:\/\/www.mct8.info\/es\/#\/schema\/logo\/image\/\",\"url\":\"https:\/\/www.mct8.info\/wp-content\/uploads\/2024\/08\/Logo-AHDS-MCT8-Foundation_300px.png\",\"contentUrl\":\"https:\/\/www.mct8.info\/wp-content\/uploads\/2024\/08\/Logo-AHDS-MCT8-Foundation_300px.png\",\"width\":178,\"height\":60,\"caption\":\"MCT8-AHDS is Non-Profit Foundation\"},\"image\":{\"@id\":\"https:\/\/www.mct8.info\/es\/#\/schema\/logo\/image\/\"},\"sameAs\":[\"https:\/\/www.facebook.com\/Mct8.AHDSFoundation\"]}]}<\/script>\n<!-- \/ Yoast SEO plugin. -->","yoast_head_json":{"title":"Subvenciones - MCT8 - AHDS Foundation","robots":{"index":"index","follow":"follow","max-snippet":"max-snippet:-1","max-image-preview":"max-image-preview:large","max-video-preview":"max-video-preview:-1"},"canonical":"https:\/\/www.mct8.info\/es\/subvenciones\/","og_locale":"es_ES","og_type":"article","og_title":"Subvenciones - MCT8 - AHDS Foundation","og_description":"La Fundaci\u00f3n MCT8-AHDS tiene como objetivo apoyar a los pacientes y sus familias. Invitamos a las familias a solicitar una subvenci\u00f3n de apoyo de la Fundaci\u00f3n MCT8-AHDS. Las solicitudes se aceptan en cualquier momento del a\u00f1o. Para solicitar una subvenci\u00f3n de apoyo de la Fundaci\u00f3n MCT8-AHDS: Descargue este formulario a continuaci\u00f3n y, cuando lo complete, [&hellip;]","og_url":"https:\/\/www.mct8.info\/es\/subvenciones\/","og_site_name":"MCT8 - AHDS Foundation","article_publisher":"https:\/\/www.facebook.com\/Mct8.AHDSFoundation","article_modified_time":"2025-02-11T15:58:51+00:00","twitter_card":"summary_large_image","twitter_misc":{"Est. reading time":"1 minute"},"schema":{"@context":"https:\/\/schema.org","@graph":[{"@type":"WebPage","@id":"https:\/\/www.mct8.info\/es\/subvenciones\/","url":"https:\/\/www.mct8.info\/es\/subvenciones\/","name":"Subvenciones - MCT8 - AHDS Foundation","isPartOf":{"@id":"https:\/\/www.mct8.info\/es\/#website"},"datePublished":"2023-11-25T15:46:20+00:00","dateModified":"2025-02-11T15:58:51+00:00","breadcrumb":{"@id":"https:\/\/www.mct8.info\/es\/subvenciones\/#breadcrumb"},"inLanguage":"es-ES","potentialAction":[{"@type":"ReadAction","target":["https:\/\/www.mct8.info\/es\/subvenciones\/"]}]},{"@type":"BreadcrumbList","@id":"https:\/\/www.mct8.info\/es\/subvenciones\/#breadcrumb","itemListElement":[{"@type":"ListItem","position":1,"name":"Home","item":"https:\/\/www.mct8.info\/es\/"},{"@type":"ListItem","position":2,"name":"Subvenciones"}]},{"@type":"WebSite","@id":"https:\/\/www.mct8.info\/es\/#website","url":"https:\/\/www.mct8.info\/es\/","name":"MCT8-AHDS is Non-Profit Foundation","description":"MCT8 Deficiency also known as Allan-Herndon-Dudley","publisher":{"@id":"https:\/\/www.mct8.info\/es\/#organization"},"potentialAction":[{"@type":"SearchAction","target":{"@type":"EntryPoint","urlTemplate":"https:\/\/www.mct8.info\/es\/?s={search_term_string}"},"query-input":{"@type":"PropertyValueSpecification","valueRequired":true,"valueName":"search_term_string"}}],"inLanguage":"es-ES"},{"@type":"Organization","@id":"https:\/\/www.mct8.info\/es\/#organization","name":"MCT8-AHDS is Non-Profit Foundation","url":"https:\/\/www.mct8.info\/es\/","logo":{"@type":"ImageObject","inLanguage":"es-ES","@id":"https:\/\/www.mct8.info\/es\/#\/schema\/logo\/image\/","url":"https:\/\/www.mct8.info\/wp-content\/uploads\/2024\/08\/Logo-AHDS-MCT8-Foundation_300px.png","contentUrl":"https:\/\/www.mct8.info\/wp-content\/uploads\/2024\/08\/Logo-AHDS-MCT8-Foundation_300px.png","width":178,"height":60,"caption":"MCT8-AHDS is Non-Profit Foundation"},"image":{"@id":"https:\/\/www.mct8.info\/es\/#\/schema\/logo\/image\/"},"sameAs":["https:\/\/www.facebook.com\/Mct8.AHDSFoundation"]}]}},"_links":{"self":[{"href":"https:\/\/www.mct8.info\/es\/wp-json\/wp\/v2\/pages\/379","targetHints":{"allow":["GET"]}}],"collection":[{"href":"https:\/\/www.mct8.info\/es\/wp-json\/wp\/v2\/pages"}],"about":[{"href":"https:\/\/www.mct8.info\/es\/wp-json\/wp\/v2\/types\/page"}],"author":[{"embeddable":true,"href":"https:\/\/www.mct8.info\/es\/wp-json\/wp\/v2\/users\/1"}],"replies":[{"embeddable":true,"href":"https:\/\/www.mct8.info\/es\/wp-json\/wp\/v2\/comments?post=379"}],"version-history":[{"count":2,"href":"https:\/\/www.mct8.info\/es\/wp-json\/wp\/v2\/pages\/379\/revisions"}],"predecessor-version":[{"id":717,"href":"https:\/\/www.mct8.info\/es\/wp-json\/wp\/v2\/pages\/379\/revisions\/717"}],"wp:attachment":[{"href":"https:\/\/www.mct8.info\/es\/wp-json\/wp\/v2\/media?parent=379"}],"curies":[{"name":"wp","href":"https:\/\/api.w.org\/{rel}","templated":true}]}}