{"id":373,"date":"2023-12-07T10:00:24","date_gmt":"2023-12-07T10:00:24","guid":{"rendered":"https:\/\/www.mct8.info\/?page_id=373"},"modified":"2024-04-30T05:32:20","modified_gmt":"2024-04-30T05:32:20","slug":"equipos","status":"publish","type":"page","link":"https:\/\/www.mct8.info\/es\/equipos\/","title":{"rendered":"Equipos"},"content":{"rendered":"\n<div class=\"wp-block-media-text alignwide has-media-on-the-right is-stacked-on-mobile is-vertically-aligned-center has-background\" style=\"background-color:#f1f5c7\"><div class=\"wp-block-media-text__content\">\n<div class=\"wp-block-group\" style=\"padding-top:2em;padding-right:2em;padding-bottom:2em;padding-left:2em\"><div class=\"wp-block-group__inner-container is-layout-flow wp-block-group-is-layout-flow\">\n<p style=\"font-size:36px;line-height:1.2\"><strong>Bipedestador<\/strong><\/p>\n\n\n\n<p>El bipedestador es un dispositivo de asistencia que ayuda a una persona con movilidad limitada a asumir una posici\u00f3n alternativa, apoyando a la persona en la posici\u00f3n erguida (de pie)<\/p>\n\n\n\n<p>Nombres alternativos: soporte bipedestador, tecnolog\u00eda de bipedestaci\u00f3n, ayuda para la bipedestaci\u00f3n, dispositivo bipedestador, mesa inclinada.<\/p>\n<\/div><\/div>\n<\/div><figure class=\"wp-block-media-text__media\"><img loading=\"lazy\" decoding=\"async\" width=\"664\" height=\"1000\" src=\"https:\/\/www.mct8.info\/wp-content\/uploads\/2023\/12\/stander.jpg\" alt=\"\" class=\"wp-image-141 size-full\" srcset=\"https:\/\/www.mct8.info\/wp-content\/uploads\/2023\/12\/stander.jpg 664w, https:\/\/www.mct8.info\/wp-content\/uploads\/2023\/12\/stander-199x300.jpg 199w\" sizes=\"auto, (max-width: 664px) 100vw, 664px\" \/><\/figure><\/div>\n\n\n\n<div class=\"wp-block-media-text alignwide is-stacked-on-mobile is-vertically-aligned-center has-background\" style=\"background-color:#fffdea\"><figure class=\"wp-block-media-text__media\"><img loading=\"lazy\" decoding=\"async\" width=\"960\" height=\"460\" src=\"https:\/\/www.mct8.info\/wp-content\/uploads\/2023\/12\/stroller.jpg\" alt=\"\" class=\"wp-image-146 size-full\" srcset=\"https:\/\/www.mct8.info\/wp-content\/uploads\/2023\/12\/stroller.jpg 960w, https:\/\/www.mct8.info\/wp-content\/uploads\/2023\/12\/stroller-300x144.jpg 300w, https:\/\/www.mct8.info\/wp-content\/uploads\/2023\/12\/stroller-768x368.jpg 768w\" sizes=\"auto, (max-width: 960px) 100vw, 960px\" \/><\/figure><div class=\"wp-block-media-text__content\">\n<div class=\"wp-block-group\" style=\"padding-top:2em;padding-right:2em;padding-bottom:2em;padding-left:2em\"><div class=\"wp-block-group__inner-container is-layout-flow wp-block-group-is-layout-flow\">\n<p style=\"font-size:36px;line-height:1.2\"><strong>Coche<\/strong><\/p>\n\n\n\n<p class=\"has-extra-small-font-size\">Nombres alternativos: silla de rehabilitaci\u00f3n, silla para ni\u00f1os y beb\u00e9s, silla para ni\u00f1os con necesidades especiales.<\/p>\n<\/div><\/div>\n<\/div><\/div>\n\n\n\n<div class=\"wp-block-media-text alignwide has-media-on-the-right is-stacked-on-mobile is-vertically-aligned-center has-background\" style=\"background-color:#f1f5c7\"><div class=\"wp-block-media-text__content\">\n<div class=\"wp-block-group\" style=\"padding-top:2em;padding-right:2em;padding-bottom:2em;padding-left:2em\"><div class=\"wp-block-group__inner-container is-layout-flow wp-block-group-is-layout-flow\">\n<p style=\"font-size:36px;line-height:1.2\"><strong>Asiento de coche<\/strong><\/p>\n\n\n\n<p>Nombres alternativos: Asiento de seguridad para el coche, asiento de coche para ni\u00f1os con necesidades especiales, asiento de ni\u00f1os con necesidades especiales.<\/p>\n<\/div><\/div>\n<\/div><figure class=\"wp-block-media-text__media\"><img loading=\"lazy\" decoding=\"async\" width=\"500\" height=\"667\" src=\"https:\/\/www.mct8.info\/wp-content\/uploads\/2023\/12\/car-set.jpg\" alt=\"\" class=\"wp-image-150 size-full\" srcset=\"https:\/\/www.mct8.info\/wp-content\/uploads\/2023\/12\/car-set.jpg 500w, https:\/\/www.mct8.info\/wp-content\/uploads\/2023\/12\/car-set-225x300.jpg 225w\" sizes=\"auto, (max-width: 500px) 100vw, 500px\" \/><\/figure><\/div>\n\n\n\n<div class=\"wp-block-media-text alignwide is-stacked-on-mobile is-vertically-aligned-center has-background\" style=\"background-color:#fffdea\"><figure class=\"wp-block-media-text__media\"><img loading=\"lazy\" decoding=\"async\" width=\"1024\" height=\"1024\" src=\"https:\/\/www.mct8.info\/wp-content\/uploads\/2023\/12\/AFO_SMO-1024x1024.jpg\" alt=\"\" class=\"wp-image-152 size-full\" srcset=\"https:\/\/www.mct8.info\/wp-content\/uploads\/2023\/12\/AFO_SMO-1024x1024.jpg 1024w, https:\/\/www.mct8.info\/wp-content\/uploads\/2023\/12\/AFO_SMO-300x300.jpg 300w, https:\/\/www.mct8.info\/wp-content\/uploads\/2023\/12\/AFO_SMO-150x150.jpg 150w, https:\/\/www.mct8.info\/wp-content\/uploads\/2023\/12\/AFO_SMO-768x768.jpg 768w, https:\/\/www.mct8.info\/wp-content\/uploads\/2023\/12\/AFO_SMO.jpg 1080w\" sizes=\"auto, (max-width: 1024px) 100vw, 1024px\" \/><\/figure><div class=\"wp-block-media-text__content\">\n<div class=\"wp-block-group\" style=\"padding-top:2em;padding-right:2em;padding-bottom:2em;padding-left:2em\"><div class=\"wp-block-group__inner-container is-layout-flow wp-block-group-is-layout-flow\">\n<p style=\"font-size:36px;line-height:1.2\"><strong>AFO\/SMO<\/strong><\/p>\n\n\n\n<p>AFO &#8211; \u00f3rtesis de tobillo y pie<\/p>\n\n\n\n<p>SMO &#8211; \u00f3rtesis supramaleolar<\/p>\n<\/div><\/div>\n<\/div><\/div>\n\n\n\n<div class=\"wp-block-media-text alignwide has-media-on-the-right is-stacked-on-mobile is-vertically-aligned-center has-background\" style=\"background-color:#f1f5c7\"><div class=\"wp-block-media-text__content\">\n<div class=\"wp-block-group\" style=\"padding-top:2em;padding-right:2em;padding-bottom:2em;padding-left:2em\"><div class=\"wp-block-group__inner-container is-layout-flow wp-block-group-is-layout-flow\">\n<p style=\"font-size:36px;line-height:1.2\"><strong>Asiento y silla de ba\u00f1o<\/strong><\/p>\n\n\n\n<p>Nombres alternativos: : Silla de ba\u00f1o, silla para ba\u00f1ar, silla de ducha, asiento de ducha<\/p>\n<\/div><\/div>\n<\/div><figure class=\"wp-block-media-text__media\"><img loading=\"lazy\" decoding=\"async\" width=\"384\" height=\"300\" src=\"https:\/\/www.mct8.info\/wp-content\/uploads\/2023\/12\/Bath-seat.jpg\" alt=\"\" class=\"wp-image-156 size-full\" srcset=\"https:\/\/www.mct8.info\/wp-content\/uploads\/2023\/12\/Bath-seat.jpg 384w, https:\/\/www.mct8.info\/wp-content\/uploads\/2023\/12\/Bath-seat-300x234.jpg 300w\" sizes=\"auto, (max-width: 384px) 100vw, 384px\" \/><\/figure><\/div>\n\n\n\n<div class=\"wp-block-media-text alignwide is-stacked-on-mobile is-vertically-aligned-center has-background\" style=\"background-color:#fffdea\"><figure class=\"wp-block-media-text__media\"><img loading=\"lazy\" decoding=\"async\" width=\"340\" height=\"321\" src=\"https:\/\/www.mct8.info\/wp-content\/uploads\/2023\/12\/walker.jpg\" alt=\"\" class=\"wp-image-159 size-full\" srcset=\"https:\/\/www.mct8.info\/wp-content\/uploads\/2023\/12\/walker.jpg 340w, https:\/\/www.mct8.info\/wp-content\/uploads\/2023\/12\/walker-300x283.jpg 300w\" sizes=\"auto, (max-width: 340px) 100vw, 340px\" \/><\/figure><div class=\"wp-block-media-text__content\">\n<div class=\"wp-block-group\" style=\"padding-top:2em;padding-right:2em;padding-bottom:2em;padding-left:2em\"><div class=\"wp-block-group__inner-container is-layout-flow wp-block-group-is-layout-flow\">\n<p style=\"font-size:36px;line-height:1.2\"><strong>Caminador<\/strong><\/p>\n\n\n\n<p>Nombres alternativos: Andador pedi\u00e1trico, andador para ni\u00f1os con necesidades especiales, entrenador\/simulador de andadura<\/p>\n<\/div><\/div>\n<\/div><\/div>\n\n\n\n<div class=\"wp-block-media-text alignwide has-media-on-the-right is-stacked-on-mobile is-vertically-aligned-center has-background\" style=\"background-color:#f1f5c7\"><div class=\"wp-block-media-text__content\">\n<div class=\"wp-block-group\" style=\"padding-top:2em;padding-right:2em;padding-bottom:2em;padding-left:2em\"><div class=\"wp-block-group__inner-container is-layout-flow wp-block-group-is-layout-flow\">\n<p style=\"font-size:36px;line-height:1.2\"><strong>Silla alta y baja<\/strong><\/p>\n\n\n\n<p>La silla alta y baja es un equipo de asiento adaptable para ni\u00f1os\/adultos con necesidades complejas de posicionamiento.<\/p>\n\n\n\n<p>Nombres alternativos: Asiento alto\/bajo, silla alta\/baja<\/p>\n<\/div><\/div>\n<\/div><figure class=\"wp-block-media-text__media\"><img loading=\"lazy\" decoding=\"async\" width=\"528\" height=\"642\" src=\"https:\/\/www.mct8.info\/wp-content\/uploads\/2023\/12\/high-and-low-chair.png\" alt=\"\" class=\"wp-image-163 size-full\" srcset=\"https:\/\/www.mct8.info\/wp-content\/uploads\/2023\/12\/high-and-low-chair.png 528w, https:\/\/www.mct8.info\/wp-content\/uploads\/2023\/12\/high-and-low-chair-247x300.png 247w\" sizes=\"auto, (max-width: 528px) 100vw, 528px\" \/><\/figure><\/div>\n\n\n\n<div class=\"wp-block-media-text alignwide is-stacked-on-mobile is-vertically-aligned-center has-background\" style=\"background-color:#fffdea\"><figure class=\"wp-block-media-text__media\"><img loading=\"lazy\" decoding=\"async\" width=\"1000\" height=\"1000\" src=\"https:\/\/www.mct8.info\/wp-content\/uploads\/2023\/12\/off-road-stroller.jpg\" alt=\"\" class=\"wp-image-165 size-full\" srcset=\"https:\/\/www.mct8.info\/wp-content\/uploads\/2023\/12\/off-road-stroller.jpg 1000w, https:\/\/www.mct8.info\/wp-content\/uploads\/2023\/12\/off-road-stroller-300x300.jpg 300w, https:\/\/www.mct8.info\/wp-content\/uploads\/2023\/12\/off-road-stroller-150x150.jpg 150w, https:\/\/www.mct8.info\/wp-content\/uploads\/2023\/12\/off-road-stroller-768x768.jpg 768w\" sizes=\"auto, (max-width: 1000px) 100vw, 1000px\" \/><\/figure><div class=\"wp-block-media-text__content\">\n<div class=\"wp-block-group\" style=\"padding-top:2em;padding-right:2em;padding-bottom:2em;padding-left:2em\"><div class=\"wp-block-group__inner-container is-layout-flow wp-block-group-is-layout-flow\">\n<p style=\"font-size:36px;line-height:1.2\"><strong>Coche todoterreno<\/strong><\/p>\n\n\n\n<p>El cochecito todoterreno es una versi\u00f3n del cochecito para ni\u00f1os con necesidades especiales, que puede rodar por senderos o en la arena<\/p>\n<\/div><\/div>\n<\/div><\/div>\n\n\n\n<div class=\"wp-block-media-text alignwide has-media-on-the-right is-stacked-on-mobile is-vertically-aligned-center has-background\" style=\"background-color:#f1f5c7\"><div class=\"wp-block-media-text__content\">\n<div class=\"wp-block-group\" style=\"padding-top:2em;padding-right:2em;padding-bottom:2em;padding-left:2em\"><div class=\"wp-block-group__inner-container is-layout-flow wp-block-group-is-layout-flow\">\n<p style=\"font-size:36px;line-height:1.2\"><strong>Collar\u00edn<\/strong><\/p>\n\n\n\n<p>El collar\u00edn es un dispositivo m\u00e9dico que ayuda a sostener el cuello<\/p>\n\n\n\n<p>Nombres alternativos: protector del cuello, collar\u00edn cervical<\/p>\n<\/div><\/div>\n<\/div><figure class=\"wp-block-media-text__media\"><img loading=\"lazy\" decoding=\"async\" width=\"650\" height=\"706\" src=\"https:\/\/www.mct8.info\/wp-content\/uploads\/2023\/12\/neck-brace.jpg\" alt=\"\" class=\"wp-image-167 size-full\" srcset=\"https:\/\/www.mct8.info\/wp-content\/uploads\/2023\/12\/neck-brace.jpg 650w, https:\/\/www.mct8.info\/wp-content\/uploads\/2023\/12\/neck-brace-276x300.jpg 276w\" sizes=\"auto, (max-width: 650px) 100vw, 650px\" \/><\/figure><\/div>\n","protected":false},"excerpt":{"rendered":"","protected":false},"author":1,"featured_media":0,"parent":0,"menu_order":0,"comment_status":"closed","ping_status":"closed","template":"","meta":{"footnotes":""},"class_list":["post-373","page","type-page","status-publish","hentry"],"yoast_head":"<!-- This site is optimized with the Yoast SEO plugin v25.4 - https:\/\/yoast.com\/wordpress\/plugins\/seo\/ -->\n<title>Equipos - MCT8 - AHDS Foundation<\/title>\n<meta name=\"robots\" content=\"index, follow, max-snippet:-1, max-image-preview:large, max-video-preview:-1\" \/>\n<link rel=\"canonical\" href=\"https:\/\/www.mct8.info\/es\/equipos\/\" \/>\n<meta property=\"og:locale\" content=\"es_ES\" \/>\n<meta property=\"og:type\" content=\"article\" \/>\n<meta property=\"og:title\" content=\"Equipos - MCT8 - AHDS Foundation\" \/>\n<meta property=\"og:url\" content=\"https:\/\/www.mct8.info\/es\/equipos\/\" \/>\n<meta property=\"og:site_name\" content=\"MCT8 - AHDS Foundation\" \/>\n<meta property=\"article:publisher\" content=\"https:\/\/www.facebook.com\/Mct8.AHDSFoundation\" \/>\n<meta property=\"article:modified_time\" content=\"2024-04-30T05:32:20+00:00\" \/>\n<meta property=\"og:image\" content=\"https:\/\/www.mct8.info\/wp-content\/uploads\/2023\/12\/stander.jpg\" \/>\n<meta name=\"twitter:card\" content=\"summary_large_image\" \/>\n<meta name=\"twitter:label1\" content=\"Est. reading time\" \/>\n\t<meta name=\"twitter:data1\" content=\"1 minute\" \/>\n<script type=\"application\/ld+json\" class=\"yoast-schema-graph\">{\"@context\":\"https:\/\/schema.org\",\"@graph\":[{\"@type\":\"WebPage\",\"@id\":\"https:\/\/www.mct8.info\/es\/equipos\/\",\"url\":\"https:\/\/www.mct8.info\/es\/equipos\/\",\"name\":\"Equipos - MCT8 - AHDS Foundation\",\"isPartOf\":{\"@id\":\"https:\/\/www.mct8.info\/es\/#website\"},\"primaryImageOfPage\":{\"@id\":\"https:\/\/www.mct8.info\/es\/equipos\/#primaryimage\"},\"image\":{\"@id\":\"https:\/\/www.mct8.info\/es\/equipos\/#primaryimage\"},\"thumbnailUrl\":\"https:\/\/www.mct8.info\/wp-content\/uploads\/2023\/12\/stander.jpg\",\"datePublished\":\"2023-12-07T10:00:24+00:00\",\"dateModified\":\"2024-04-30T05:32:20+00:00\",\"breadcrumb\":{\"@id\":\"https:\/\/www.mct8.info\/es\/equipos\/#breadcrumb\"},\"inLanguage\":\"es-ES\",\"potentialAction\":[{\"@type\":\"ReadAction\",\"target\":[\"https:\/\/www.mct8.info\/es\/equipos\/\"]}]},{\"@type\":\"ImageObject\",\"inLanguage\":\"es-ES\",\"@id\":\"https:\/\/www.mct8.info\/es\/equipos\/#primaryimage\",\"url\":\"https:\/\/www.mct8.info\/wp-content\/uploads\/2023\/12\/stander.jpg\",\"contentUrl\":\"https:\/\/www.mct8.info\/wp-content\/uploads\/2023\/12\/stander.jpg\"},{\"@type\":\"BreadcrumbList\",\"@id\":\"https:\/\/www.mct8.info\/es\/equipos\/#breadcrumb\",\"itemListElement\":[{\"@type\":\"ListItem\",\"position\":1,\"name\":\"Home\",\"item\":\"https:\/\/www.mct8.info\/es\/\"},{\"@type\":\"ListItem\",\"position\":2,\"name\":\"Equipos\"}]},{\"@type\":\"WebSite\",\"@id\":\"https:\/\/www.mct8.info\/es\/#website\",\"url\":\"https:\/\/www.mct8.info\/es\/\",\"name\":\"MCT8-AHDS is Non-Profit Foundation\",\"description\":\"MCT8 Deficiency also known as Allan-Herndon-Dudley\",\"publisher\":{\"@id\":\"https:\/\/www.mct8.info\/es\/#organization\"},\"potentialAction\":[{\"@type\":\"SearchAction\",\"target\":{\"@type\":\"EntryPoint\",\"urlTemplate\":\"https:\/\/www.mct8.info\/es\/?s={search_term_string}\"},\"query-input\":{\"@type\":\"PropertyValueSpecification\",\"valueRequired\":true,\"valueName\":\"search_term_string\"}}],\"inLanguage\":\"es-ES\"},{\"@type\":\"Organization\",\"@id\":\"https:\/\/www.mct8.info\/es\/#organization\",\"name\":\"MCT8-AHDS is Non-Profit Foundation\",\"url\":\"https:\/\/www.mct8.info\/es\/\",\"logo\":{\"@type\":\"ImageObject\",\"inLanguage\":\"es-ES\",\"@id\":\"https:\/\/www.mct8.info\/es\/#\/schema\/logo\/image\/\",\"url\":\"https:\/\/www.mct8.info\/wp-content\/uploads\/2024\/08\/Logo-AHDS-MCT8-Foundation_300px.png\",\"contentUrl\":\"https:\/\/www.mct8.info\/wp-content\/uploads\/2024\/08\/Logo-AHDS-MCT8-Foundation_300px.png\",\"width\":178,\"height\":60,\"caption\":\"MCT8-AHDS is Non-Profit Foundation\"},\"image\":{\"@id\":\"https:\/\/www.mct8.info\/es\/#\/schema\/logo\/image\/\"},\"sameAs\":[\"https:\/\/www.facebook.com\/Mct8.AHDSFoundation\"]}]}<\/script>\n<!-- \/ Yoast SEO plugin. -->","yoast_head_json":{"title":"Equipos - MCT8 - AHDS Foundation","robots":{"index":"index","follow":"follow","max-snippet":"max-snippet:-1","max-image-preview":"max-image-preview:large","max-video-preview":"max-video-preview:-1"},"canonical":"https:\/\/www.mct8.info\/es\/equipos\/","og_locale":"es_ES","og_type":"article","og_title":"Equipos - MCT8 - AHDS Foundation","og_url":"https:\/\/www.mct8.info\/es\/equipos\/","og_site_name":"MCT8 - AHDS Foundation","article_publisher":"https:\/\/www.facebook.com\/Mct8.AHDSFoundation","article_modified_time":"2024-04-30T05:32:20+00:00","og_image":[{"url":"https:\/\/www.mct8.info\/wp-content\/uploads\/2023\/12\/stander.jpg","type":"","width":"","height":""}],"twitter_card":"summary_large_image","twitter_misc":{"Est. reading time":"1 minute"},"schema":{"@context":"https:\/\/schema.org","@graph":[{"@type":"WebPage","@id":"https:\/\/www.mct8.info\/es\/equipos\/","url":"https:\/\/www.mct8.info\/es\/equipos\/","name":"Equipos - MCT8 - AHDS Foundation","isPartOf":{"@id":"https:\/\/www.mct8.info\/es\/#website"},"primaryImageOfPage":{"@id":"https:\/\/www.mct8.info\/es\/equipos\/#primaryimage"},"image":{"@id":"https:\/\/www.mct8.info\/es\/equipos\/#primaryimage"},"thumbnailUrl":"https:\/\/www.mct8.info\/wp-content\/uploads\/2023\/12\/stander.jpg","datePublished":"2023-12-07T10:00:24+00:00","dateModified":"2024-04-30T05:32:20+00:00","breadcrumb":{"@id":"https:\/\/www.mct8.info\/es\/equipos\/#breadcrumb"},"inLanguage":"es-ES","potentialAction":[{"@type":"ReadAction","target":["https:\/\/www.mct8.info\/es\/equipos\/"]}]},{"@type":"ImageObject","inLanguage":"es-ES","@id":"https:\/\/www.mct8.info\/es\/equipos\/#primaryimage","url":"https:\/\/www.mct8.info\/wp-content\/uploads\/2023\/12\/stander.jpg","contentUrl":"https:\/\/www.mct8.info\/wp-content\/uploads\/2023\/12\/stander.jpg"},{"@type":"BreadcrumbList","@id":"https:\/\/www.mct8.info\/es\/equipos\/#breadcrumb","itemListElement":[{"@type":"ListItem","position":1,"name":"Home","item":"https:\/\/www.mct8.info\/es\/"},{"@type":"ListItem","position":2,"name":"Equipos"}]},{"@type":"WebSite","@id":"https:\/\/www.mct8.info\/es\/#website","url":"https:\/\/www.mct8.info\/es\/","name":"MCT8-AHDS is Non-Profit Foundation","description":"MCT8 Deficiency also known as Allan-Herndon-Dudley","publisher":{"@id":"https:\/\/www.mct8.info\/es\/#organization"},"potentialAction":[{"@type":"SearchAction","target":{"@type":"EntryPoint","urlTemplate":"https:\/\/www.mct8.info\/es\/?s={search_term_string}"},"query-input":{"@type":"PropertyValueSpecification","valueRequired":true,"valueName":"search_term_string"}}],"inLanguage":"es-ES"},{"@type":"Organization","@id":"https:\/\/www.mct8.info\/es\/#organization","name":"MCT8-AHDS is Non-Profit Foundation","url":"https:\/\/www.mct8.info\/es\/","logo":{"@type":"ImageObject","inLanguage":"es-ES","@id":"https:\/\/www.mct8.info\/es\/#\/schema\/logo\/image\/","url":"https:\/\/www.mct8.info\/wp-content\/uploads\/2024\/08\/Logo-AHDS-MCT8-Foundation_300px.png","contentUrl":"https:\/\/www.mct8.info\/wp-content\/uploads\/2024\/08\/Logo-AHDS-MCT8-Foundation_300px.png","width":178,"height":60,"caption":"MCT8-AHDS is Non-Profit Foundation"},"image":{"@id":"https:\/\/www.mct8.info\/es\/#\/schema\/logo\/image\/"},"sameAs":["https:\/\/www.facebook.com\/Mct8.AHDSFoundation"]}]}},"_links":{"self":[{"href":"https:\/\/www.mct8.info\/es\/wp-json\/wp\/v2\/pages\/373","targetHints":{"allow":["GET"]}}],"collection":[{"href":"https:\/\/www.mct8.info\/es\/wp-json\/wp\/v2\/pages"}],"about":[{"href":"https:\/\/www.mct8.info\/es\/wp-json\/wp\/v2\/types\/page"}],"author":[{"embeddable":true,"href":"https:\/\/www.mct8.info\/es\/wp-json\/wp\/v2\/users\/1"}],"replies":[{"embeddable":true,"href":"https:\/\/www.mct8.info\/es\/wp-json\/wp\/v2\/comments?post=373"}],"version-history":[{"count":1,"href":"https:\/\/www.mct8.info\/es\/wp-json\/wp\/v2\/pages\/373\/revisions"}],"predecessor-version":[{"id":374,"href":"https:\/\/www.mct8.info\/es\/wp-json\/wp\/v2\/pages\/373\/revisions\/374"}],"wp:attachment":[{"href":"https:\/\/www.mct8.info\/es\/wp-json\/wp\/v2\/media?parent=373"}],"curies":[{"name":"wp","href":"https:\/\/api.w.org\/{rel}","templated":true}]}}