{"id":266,"date":"2023-11-25T09:56:19","date_gmt":"2023-11-25T09:56:19","guid":{"rendered":"https:\/\/www.mct8.info\/?page_id=266"},"modified":"2023-12-08T12:25:43","modified_gmt":"2023-12-08T12:25:43","slug":"acerca-del-diagnostico","status":"publish","type":"page","link":"https:\/\/www.mct8.info\/es\/about-mct8-ahds\/acerca-del-diagnostico\/","title":{"rendered":"Acerca del diagn\u00f3stico"},"content":{"rendered":"\n<div class=\"wp-block-group is-nowrap is-layout-flex wp-container-core-group-is-layout-ad2f72ca wp-block-group-is-layout-flex\">\n<div class=\"wp-block-columns is-layout-flex wp-container-core-columns-is-layout-9d6595d7 wp-block-columns-is-layout-flex\">\n<div class=\"wp-block-column is-layout-flow wp-block-column-is-layout-flow\">\n<h2 class=\"wp-block-heading\">\u00bfPor qu\u00e9 hay algunos casos que son m\u00e1s graves que otros?<\/h2>\n\n\n\n<ol class=\"wp-block-list\">\n<li>mutaci\u00f3n gen\u00e9tica &#8211; aunque se trata del mismo gen que est\u00e1 afectado, su mutaci\u00f3n es diferente;<\/li>\n\n\n\n<li>la cantidad de hormonas capaces de pasar adentro de las c\u00e9lulas &#8211; los casos m\u00e1s graves son aquellos en los que ni siquiera la m\u00e1s peque\u00f1a cantidad de hormonas es capaz de pasar adentro de las c\u00e9lulas.<\/li>\n<\/ol>\n\n\n\n<h2 class=\"wp-block-heading\">\u00bfC\u00f3mo se puede detectar?<\/h2>\n\n\n\n<p>La deficiencia de MCT8 (SAHD) es dif\u00edcil de diagnosticar.<\/p>\n\n\n\n<p>Las primeras anomal\u00edas observadas, a unos 2 o 3 meses de edad, incluyen el cuerpo fl\u00e1ccido&nbsp;la incapacidad de sostener la cabeza.<\/p>\n\n\n\n<p>Las pruebas t\u00edpicas de tiroides que podr\u00edan requerir investigaciones adicionales son el nivel alto de la T3 s\u00e9rica y el nivel al l\u00edmite bajo o el nivel bajo de la T4. Para confirmar el diagn\u00f3stico son necesarias pruebas gen\u00e9ticas.<\/p>\n<\/div>\n\n\n\n<div class=\"wp-block-column is-layout-flow wp-block-column-is-layout-flow\">\n<figure class=\"wp-block-image size-large\"><img loading=\"lazy\" decoding=\"async\" width=\"1024\" height=\"683\" src=\"https:\/\/www.mct8.info\/wp-content\/uploads\/2023\/11\/Cole-Puntledge-Park-1024x683.jpg\" alt=\"\" class=\"wp-image-34\" srcset=\"https:\/\/www.mct8.info\/wp-content\/uploads\/2023\/11\/Cole-Puntledge-Park-1024x683.jpg 1024w, https:\/\/www.mct8.info\/wp-content\/uploads\/2023\/11\/Cole-Puntledge-Park-300x200.jpg 300w, https:\/\/www.mct8.info\/wp-content\/uploads\/2023\/11\/Cole-Puntledge-Park-768x512.jpg 768w, https:\/\/www.mct8.info\/wp-content\/uploads\/2023\/11\/Cole-Puntledge-Park-600x400.jpg 600w, https:\/\/www.mct8.info\/wp-content\/uploads\/2023\/11\/Cole-Puntledge-Park.jpg 1200w\" sizes=\"auto, (max-width: 1024px) 100vw, 1024px\" \/><\/figure>\n<\/div>\n<\/div>\n<\/div>\n\n\n\n<h2 class=\"wp-block-heading\">\u00bfQui\u00e9n puede diagnosticar?<\/h2>\n\n\n\n<p>Ya sea un neur\u00f3logo pedi\u00e1trico (visto que involucra el retraso mental y motor) o un endocrin\u00f3logo pedi\u00e1trico (ya que las anomal\u00edas de las pruebas de las hormonas tiroideas son t\u00edpicas del s\u00edndrome)<\/p>\n\n\n\n<p>El indicador m\u00e1s com\u00fan es que los ni\u00f1os no pueden sostener sus cabezas. Esta es la primera meta importante del desarrollo de los ni\u00f1os, que se logra a la edad de 3 meses.<\/p>\n\n\n\n<p>Pero para los ni\u00f1os con MCT8-SAHD, esto es una dificultad a la cual se enfrentar\u00e1n para toda la vida. Con el tiempo, los ni\u00f1os presentar\u00e1n espasticidad en los miembros superiores e inferiores, mientras el resto del cuerpo permanecer\u00e1 afectado por la hipoton\u00eda.<\/p>\n\n\n\n<div class=\"wp-block-group is-nowrap is-layout-flex wp-container-core-group-is-layout-ad2f72ca wp-block-group-is-layout-flex\">\n<div class=\"wp-block-columns is-layout-flex wp-container-core-columns-is-layout-9d6595d7 wp-block-columns-is-layout-flex\">\n<div class=\"wp-block-column is-layout-flow wp-block-column-is-layout-flow\">\n<h3 class=\"wp-block-heading\">Los s\u00edntomas pueden incluir:<\/h3>\n\n\n\n<ol class=\"wp-block-list\">\n<li>Falta de control de la cabeza<\/li>\n\n\n\n<li>Hipoton\u00eda central combinada, en la mayor\u00eda de los casos, con hiperton\u00eda perif\u00e9rica<\/li>\n\n\n\n<li>Discapacidad intelectual<\/li>\n\n\n\n<li>&nbsp;Incapacidad para aumentar de peso y para mantenerlo<\/li>\n\n\n\n<li>Aumento de la frecuencia card\u00edaca &#8211; relacionado con la toxicidad elevada de la sangre.<\/li>\n\n\n\n<li>Retraso motor<\/li>\n\n\n\n<li>Densidad \u00f3sea baja &#8211; se considera que es un s\u00edntoma asociado con la toxicidad elevada de la sangre<\/li>\n\n\n\n<li>Ataques epil\u00e9pticos<\/li>\n\n\n\n<li>&nbsp;Retraso del proceso de mielinizaci\u00f3n<\/li>\n\n\n\n<li>Problemas para dormir<\/li>\n\n\n\n<li>Problemas para tragar\/masticar<\/li>\n\n\n\n<li>Diston\u00eda<\/li>\n\n\n\n<li>&nbsp; Espasticidad<\/li>\n\n\n\n<li>&nbsp;Sistema inmunitario debilitado &#8211; \u00c1cido asc\u00f3rbico<\/li>\n<\/ol>\n\n\n\n<p>N.B. Esta respuesta ha sido creada con la ayuda de la comunidad MCT8-SAHD en l\u00ednea. Gracias a todos por compartir sus conocimientos y experiencia.<\/p>\n<\/div>\n\n\n\n<div class=\"wp-block-column is-layout-flow wp-block-column-is-layout-flow\">\n<figure class=\"wp-block-image size-large\"><img loading=\"lazy\" decoding=\"async\" width=\"576\" height=\"1024\" src=\"https:\/\/www.mct8.info\/wp-content\/uploads\/2023\/11\/2016-02-10-Erasmus-Rotterdam-start-TRIAC-576x1024.jpg\" alt=\"\" class=\"wp-image-37\" srcset=\"https:\/\/www.mct8.info\/wp-content\/uploads\/2023\/11\/2016-02-10-Erasmus-Rotterdam-start-TRIAC-576x1024.jpg 576w, https:\/\/www.mct8.info\/wp-content\/uploads\/2023\/11\/2016-02-10-Erasmus-Rotterdam-start-TRIAC-169x300.jpg 169w, https:\/\/www.mct8.info\/wp-content\/uploads\/2023\/11\/2016-02-10-Erasmus-Rotterdam-start-TRIAC.jpg 675w\" sizes=\"auto, (max-width: 576px) 100vw, 576px\" \/><\/figure>\n<\/div>\n<\/div>\n<\/div>\n","protected":false},"excerpt":{"rendered":"<p>\u00bfPor qu\u00e9 hay algunos casos que son m\u00e1s graves que otros? \u00bfC\u00f3mo se puede detectar? La deficiencia de MCT8 (SAHD) es dif\u00edcil de diagnosticar. Las primeras anomal\u00edas observadas, a unos 2 o 3 meses de edad, incluyen el cuerpo fl\u00e1ccido&nbsp;la incapacidad de sostener la cabeza. Las pruebas t\u00edpicas de tiroides que podr\u00edan requerir investigaciones adicionales [&hellip;]<\/p>\n","protected":false},"author":1,"featured_media":0,"parent":262,"menu_order":0,"comment_status":"closed","ping_status":"closed","template":"","meta":{"footnotes":""},"class_list":["post-266","page","type-page","status-publish","hentry"],"yoast_head":"<!-- This site is optimized with the Yoast SEO plugin v25.4 - https:\/\/yoast.com\/wordpress\/plugins\/seo\/ -->\n<title>Acerca del diagn\u00f3stico - MCT8 - AHDS Foundation<\/title>\n<meta name=\"robots\" content=\"index, follow, max-snippet:-1, max-image-preview:large, max-video-preview:-1\" \/>\n<link rel=\"canonical\" href=\"https:\/\/www.mct8.info\/es\/about-mct8-ahds\/acerca-del-diagnostico\/\" \/>\n<meta property=\"og:locale\" content=\"es_ES\" \/>\n<meta property=\"og:type\" content=\"article\" \/>\n<meta property=\"og:title\" content=\"Acerca del diagn\u00f3stico - MCT8 - AHDS Foundation\" \/>\n<meta property=\"og:description\" content=\"\u00bfPor qu\u00e9 hay algunos casos que son m\u00e1s graves que otros? \u00bfC\u00f3mo se puede detectar? La deficiencia de MCT8 (SAHD) es dif\u00edcil de diagnosticar. Las primeras anomal\u00edas observadas, a unos 2 o 3 meses de edad, incluyen el cuerpo fl\u00e1ccido&nbsp;la incapacidad de sostener la cabeza. Las pruebas t\u00edpicas de tiroides que podr\u00edan requerir investigaciones adicionales [&hellip;]\" \/>\n<meta property=\"og:url\" content=\"https:\/\/www.mct8.info\/es\/about-mct8-ahds\/acerca-del-diagnostico\/\" \/>\n<meta property=\"og:site_name\" content=\"MCT8 - AHDS Foundation\" \/>\n<meta property=\"article:publisher\" content=\"https:\/\/www.facebook.com\/Mct8.AHDSFoundation\" \/>\n<meta property=\"article:modified_time\" content=\"2023-12-08T12:25:43+00:00\" \/>\n<meta property=\"og:image\" content=\"https:\/\/www.mct8.info\/wp-content\/uploads\/2023\/11\/Cole-Puntledge-Park-1024x683.jpg\" \/>\n<meta name=\"twitter:card\" content=\"summary_large_image\" \/>\n<meta name=\"twitter:label1\" content=\"Est. reading time\" \/>\n\t<meta name=\"twitter:data1\" content=\"2 minutes\" \/>\n<script type=\"application\/ld+json\" class=\"yoast-schema-graph\">{\"@context\":\"https:\/\/schema.org\",\"@graph\":[{\"@type\":\"WebPage\",\"@id\":\"https:\/\/www.mct8.info\/es\/about-mct8-ahds\/acerca-del-diagnostico\/\",\"url\":\"https:\/\/www.mct8.info\/es\/about-mct8-ahds\/acerca-del-diagnostico\/\",\"name\":\"Acerca del diagn\u00f3stico - MCT8 - AHDS Foundation\",\"isPartOf\":{\"@id\":\"https:\/\/www.mct8.info\/es\/#website\"},\"primaryImageOfPage\":{\"@id\":\"https:\/\/www.mct8.info\/es\/about-mct8-ahds\/acerca-del-diagnostico\/#primaryimage\"},\"image\":{\"@id\":\"https:\/\/www.mct8.info\/es\/about-mct8-ahds\/acerca-del-diagnostico\/#primaryimage\"},\"thumbnailUrl\":\"https:\/\/www.mct8.info\/wp-content\/uploads\/2023\/11\/Cole-Puntledge-Park-1024x683.jpg\",\"datePublished\":\"2023-11-25T09:56:19+00:00\",\"dateModified\":\"2023-12-08T12:25:43+00:00\",\"breadcrumb\":{\"@id\":\"https:\/\/www.mct8.info\/es\/about-mct8-ahds\/acerca-del-diagnostico\/#breadcrumb\"},\"inLanguage\":\"es-ES\",\"potentialAction\":[{\"@type\":\"ReadAction\",\"target\":[\"https:\/\/www.mct8.info\/es\/about-mct8-ahds\/acerca-del-diagnostico\/\"]}]},{\"@type\":\"ImageObject\",\"inLanguage\":\"es-ES\",\"@id\":\"https:\/\/www.mct8.info\/es\/about-mct8-ahds\/acerca-del-diagnostico\/#primaryimage\",\"url\":\"https:\/\/www.mct8.info\/wp-content\/uploads\/2023\/11\/Cole-Puntledge-Park-1024x683.jpg\",\"contentUrl\":\"https:\/\/www.mct8.info\/wp-content\/uploads\/2023\/11\/Cole-Puntledge-Park-1024x683.jpg\"},{\"@type\":\"BreadcrumbList\",\"@id\":\"https:\/\/www.mct8.info\/es\/about-mct8-ahds\/acerca-del-diagnostico\/#breadcrumb\",\"itemListElement\":[{\"@type\":\"ListItem\",\"position\":1,\"name\":\"Home\",\"item\":\"https:\/\/www.mct8.info\/es\/\"},{\"@type\":\"ListItem\",\"position\":2,\"name\":\"MCT8-AHDS \u00bfQu\u00e9 es?\",\"item\":\"https:\/\/www.mct8.info\/es\/about-mct8-ahds\/\"},{\"@type\":\"ListItem\",\"position\":3,\"name\":\"Acerca del diagn\u00f3stico\"}]},{\"@type\":\"WebSite\",\"@id\":\"https:\/\/www.mct8.info\/es\/#website\",\"url\":\"https:\/\/www.mct8.info\/es\/\",\"name\":\"MCT8-AHDS is Non-Profit Foundation\",\"description\":\"MCT8 Deficiency also known as Allan-Herndon-Dudley\",\"publisher\":{\"@id\":\"https:\/\/www.mct8.info\/es\/#organization\"},\"potentialAction\":[{\"@type\":\"SearchAction\",\"target\":{\"@type\":\"EntryPoint\",\"urlTemplate\":\"https:\/\/www.mct8.info\/es\/?s={search_term_string}\"},\"query-input\":{\"@type\":\"PropertyValueSpecification\",\"valueRequired\":true,\"valueName\":\"search_term_string\"}}],\"inLanguage\":\"es-ES\"},{\"@type\":\"Organization\",\"@id\":\"https:\/\/www.mct8.info\/es\/#organization\",\"name\":\"MCT8-AHDS is Non-Profit Foundation\",\"url\":\"https:\/\/www.mct8.info\/es\/\",\"logo\":{\"@type\":\"ImageObject\",\"inLanguage\":\"es-ES\",\"@id\":\"https:\/\/www.mct8.info\/es\/#\/schema\/logo\/image\/\",\"url\":\"https:\/\/www.mct8.info\/wp-content\/uploads\/2024\/08\/Logo-AHDS-MCT8-Foundation_300px.png\",\"contentUrl\":\"https:\/\/www.mct8.info\/wp-content\/uploads\/2024\/08\/Logo-AHDS-MCT8-Foundation_300px.png\",\"width\":178,\"height\":60,\"caption\":\"MCT8-AHDS is Non-Profit Foundation\"},\"image\":{\"@id\":\"https:\/\/www.mct8.info\/es\/#\/schema\/logo\/image\/\"},\"sameAs\":[\"https:\/\/www.facebook.com\/Mct8.AHDSFoundation\"]}]}<\/script>\n<!-- \/ Yoast SEO plugin. -->","yoast_head_json":{"title":"Acerca del diagn\u00f3stico - MCT8 - AHDS Foundation","robots":{"index":"index","follow":"follow","max-snippet":"max-snippet:-1","max-image-preview":"max-image-preview:large","max-video-preview":"max-video-preview:-1"},"canonical":"https:\/\/www.mct8.info\/es\/about-mct8-ahds\/acerca-del-diagnostico\/","og_locale":"es_ES","og_type":"article","og_title":"Acerca del diagn\u00f3stico - MCT8 - AHDS Foundation","og_description":"\u00bfPor qu\u00e9 hay algunos casos que son m\u00e1s graves que otros? \u00bfC\u00f3mo se puede detectar? La deficiencia de MCT8 (SAHD) es dif\u00edcil de diagnosticar. Las primeras anomal\u00edas observadas, a unos 2 o 3 meses de edad, incluyen el cuerpo fl\u00e1ccido&nbsp;la incapacidad de sostener la cabeza. Las pruebas t\u00edpicas de tiroides que podr\u00edan requerir investigaciones adicionales [&hellip;]","og_url":"https:\/\/www.mct8.info\/es\/about-mct8-ahds\/acerca-del-diagnostico\/","og_site_name":"MCT8 - AHDS Foundation","article_publisher":"https:\/\/www.facebook.com\/Mct8.AHDSFoundation","article_modified_time":"2023-12-08T12:25:43+00:00","og_image":[{"url":"https:\/\/www.mct8.info\/wp-content\/uploads\/2023\/11\/Cole-Puntledge-Park-1024x683.jpg","type":"","width":"","height":""}],"twitter_card":"summary_large_image","twitter_misc":{"Est. reading time":"2 minutes"},"schema":{"@context":"https:\/\/schema.org","@graph":[{"@type":"WebPage","@id":"https:\/\/www.mct8.info\/es\/about-mct8-ahds\/acerca-del-diagnostico\/","url":"https:\/\/www.mct8.info\/es\/about-mct8-ahds\/acerca-del-diagnostico\/","name":"Acerca del diagn\u00f3stico - MCT8 - AHDS Foundation","isPartOf":{"@id":"https:\/\/www.mct8.info\/es\/#website"},"primaryImageOfPage":{"@id":"https:\/\/www.mct8.info\/es\/about-mct8-ahds\/acerca-del-diagnostico\/#primaryimage"},"image":{"@id":"https:\/\/www.mct8.info\/es\/about-mct8-ahds\/acerca-del-diagnostico\/#primaryimage"},"thumbnailUrl":"https:\/\/www.mct8.info\/wp-content\/uploads\/2023\/11\/Cole-Puntledge-Park-1024x683.jpg","datePublished":"2023-11-25T09:56:19+00:00","dateModified":"2023-12-08T12:25:43+00:00","breadcrumb":{"@id":"https:\/\/www.mct8.info\/es\/about-mct8-ahds\/acerca-del-diagnostico\/#breadcrumb"},"inLanguage":"es-ES","potentialAction":[{"@type":"ReadAction","target":["https:\/\/www.mct8.info\/es\/about-mct8-ahds\/acerca-del-diagnostico\/"]}]},{"@type":"ImageObject","inLanguage":"es-ES","@id":"https:\/\/www.mct8.info\/es\/about-mct8-ahds\/acerca-del-diagnostico\/#primaryimage","url":"https:\/\/www.mct8.info\/wp-content\/uploads\/2023\/11\/Cole-Puntledge-Park-1024x683.jpg","contentUrl":"https:\/\/www.mct8.info\/wp-content\/uploads\/2023\/11\/Cole-Puntledge-Park-1024x683.jpg"},{"@type":"BreadcrumbList","@id":"https:\/\/www.mct8.info\/es\/about-mct8-ahds\/acerca-del-diagnostico\/#breadcrumb","itemListElement":[{"@type":"ListItem","position":1,"name":"Home","item":"https:\/\/www.mct8.info\/es\/"},{"@type":"ListItem","position":2,"name":"MCT8-AHDS \u00bfQu\u00e9 es?","item":"https:\/\/www.mct8.info\/es\/about-mct8-ahds\/"},{"@type":"ListItem","position":3,"name":"Acerca del diagn\u00f3stico"}]},{"@type":"WebSite","@id":"https:\/\/www.mct8.info\/es\/#website","url":"https:\/\/www.mct8.info\/es\/","name":"MCT8-AHDS is Non-Profit Foundation","description":"MCT8 Deficiency also known as Allan-Herndon-Dudley","publisher":{"@id":"https:\/\/www.mct8.info\/es\/#organization"},"potentialAction":[{"@type":"SearchAction","target":{"@type":"EntryPoint","urlTemplate":"https:\/\/www.mct8.info\/es\/?s={search_term_string}"},"query-input":{"@type":"PropertyValueSpecification","valueRequired":true,"valueName":"search_term_string"}}],"inLanguage":"es-ES"},{"@type":"Organization","@id":"https:\/\/www.mct8.info\/es\/#organization","name":"MCT8-AHDS is Non-Profit Foundation","url":"https:\/\/www.mct8.info\/es\/","logo":{"@type":"ImageObject","inLanguage":"es-ES","@id":"https:\/\/www.mct8.info\/es\/#\/schema\/logo\/image\/","url":"https:\/\/www.mct8.info\/wp-content\/uploads\/2024\/08\/Logo-AHDS-MCT8-Foundation_300px.png","contentUrl":"https:\/\/www.mct8.info\/wp-content\/uploads\/2024\/08\/Logo-AHDS-MCT8-Foundation_300px.png","width":178,"height":60,"caption":"MCT8-AHDS is Non-Profit Foundation"},"image":{"@id":"https:\/\/www.mct8.info\/es\/#\/schema\/logo\/image\/"},"sameAs":["https:\/\/www.facebook.com\/Mct8.AHDSFoundation"]}]}},"_links":{"self":[{"href":"https:\/\/www.mct8.info\/es\/wp-json\/wp\/v2\/pages\/266","targetHints":{"allow":["GET"]}}],"collection":[{"href":"https:\/\/www.mct8.info\/es\/wp-json\/wp\/v2\/pages"}],"about":[{"href":"https:\/\/www.mct8.info\/es\/wp-json\/wp\/v2\/types\/page"}],"author":[{"embeddable":true,"href":"https:\/\/www.mct8.info\/es\/wp-json\/wp\/v2\/users\/1"}],"replies":[{"embeddable":true,"href":"https:\/\/www.mct8.info\/es\/wp-json\/wp\/v2\/comments?post=266"}],"version-history":[{"count":1,"href":"https:\/\/www.mct8.info\/es\/wp-json\/wp\/v2\/pages\/266\/revisions"}],"predecessor-version":[{"id":267,"href":"https:\/\/www.mct8.info\/es\/wp-json\/wp\/v2\/pages\/266\/revisions\/267"}],"up":[{"embeddable":true,"href":"https:\/\/www.mct8.info\/es\/wp-json\/wp\/v2\/pages\/262"}],"wp:attachment":[{"href":"https:\/\/www.mct8.info\/es\/wp-json\/wp\/v2\/media?parent=266"}],"curies":[{"name":"wp","href":"https:\/\/api.w.org\/{rel}","templated":true}]}}