{"id":257,"date":"2023-11-23T15:44:38","date_gmt":"2023-11-23T15:44:38","guid":{"rendered":"https:\/\/www.mct8.info\/?page_id=257"},"modified":"2024-05-05T07:10:27","modified_gmt":"2024-05-05T07:10:27","slug":"acerca-de-nosotros","status":"publish","type":"page","link":"https:\/\/www.mct8.info\/es\/acerca-de-nosotros\/","title":{"rendered":"Acerca de nosotros"},"content":{"rendered":"\n<h2 class=\"wp-block-heading\">\u00bfQu\u00e9 llev\u00f3 a la creaci\u00f3n de la MCT8-AHDS Foundation?<\/h2>\n\n\n\n<p><strong>9 de febrero de 2018<\/strong><\/p>\n\n\n\n<p>MCT8-AHDS Foundation, una fundaci\u00f3n sin \u00e1nimo de lucro, se convirti\u00f3 en miembro de Eurordis Enfermedades Raras de Europa; el estatuto de miembro asociado de EURORDIS fue aprobado oficialmente por la Junta Directiva.<\/p>\n\n\n\n<p><strong>Octubre de 2017<\/strong><\/p>\n\n\n\n<p>Se cre\u00f3 y se aprob\u00f3 la creaci\u00f3n de la MCT8-AHDS Foundation, una fundaci\u00f3n sin \u00e1nimo de lucro, en los EE.UU.<\/p>\n\n\n\n<p><strong>Febrero de 2017<\/strong><\/p>\n\n\n\n<p>Durante la reuni\u00f3n de los padres de ni\u00f1os afectados por este s\u00edndrome, que ocurri\u00f3 en el Simposio MCT8-SAHD, se estableci\u00f3 que una de las prioridades de los padres era crear una organizaci\u00f3n sin \u00e1nimo de lucro. La organizaci\u00f3n sin \u00e1nimo de lucro recaudar\u00e1 fondos para la investigaci\u00f3n cient\u00edfica y la educaci\u00f3n necesarias y proporcionar\u00e1 apoyo a las familias de todo el mundo.<\/p>\n\n\n\n<p><strong>2012<\/strong><\/p>\n\n\n\n<p>La primera versi\u00f3n de nuestro logotipo fue creada en 2012. Su objetivo era describir todos los conceptos que unen a nuestra comunidad, a pesar de las distancias f\u00edsicas. As\u00ed, el logotipo contiene una mariposa, que es el s\u00edmbolo de la tiroides, cuyo cuerpo est\u00e1 hecho de una tira de ADN, ya que se trata de un trastorno gen\u00e9tico. Estos elementos se encuentran en el centro de un c\u00edrculo formado de personas que juntan sus manos y corazones, lo que simboliza la cobertura mundial de la comunidad del MCT8, la fuerza de la unidad de sus miembros, as\u00ed como el prop\u00f3sito de la comunidad de unir a los pacientes y a sus familias<\/p>\n\n\n\n<p><strong>2010<\/strong><\/p>\n\n\n\n<p>Un grupo formado de tres madres muy comprometidas cre\u00f3 el grupo de Facebook MCT8-SAHD, para facilitar la comunicaci\u00f3n.<\/p>\n\n\n\n<p>Este grupo se convirti\u00f3 en un sistema de apoyo esencial para las familias. Una vez que se establece un diagn\u00f3stico, los padres pueden sentirse agobiados. Sus principales fuentes de informaci\u00f3n son las b\u00fasquedas en Internet o bien intentar obtener respuestas de los m\u00e9dicos que establecen los diagn\u00f3sticos. &nbsp;Ya que se trata de un trastorno poco frecuente, hab\u00eda y sigue habiendo poca informaci\u00f3n disponible en l\u00ednea y muchos m\u00e9dicos saben poco sobre esta enfermedad.&nbsp;<\/p>\n\n\n\n<p>El grupo de Facebook sigue existiendo y permite a las familias apoyar a otras familias. Una red de miembros de familias que forma, a nivel mundial, una gran familia que proporciona un apoyo fundamental. El grupo permite a las personas encontrar respuestas, expresar sus emociones y frustraciones y compartir sus victorias y desaf\u00edos. En resumen, les ayuda a conectarse. Esto es esencial si tomamos en cuanto lo poco frecuente que es este s\u00edndrome.<\/p>\n\n\n\n<p><strong>2009<\/strong><\/p>\n\n\n\n<p>La Sherman Foundation empez\u00f3 a financiar las investigaciones m\u00e9dicas hechas para comprender y tratar el MCT8-SAHD.<\/p>\n\n\n\n<p>Para mejorar el tratamiento, la Sherman Foundation se dio cuenta de que se necesitaba una comprensi\u00f3n mucho m\u00e1s profunda de la patolog\u00eda del MCT8-SAHD. La investigaci\u00f3n tambi\u00e9n deb\u00eda centrarse m\u00e1s en las \u00e1reas con potencial terap\u00e9utico. &nbsp;Tambi\u00e9n era evidente que los pocos investigadores que se centraban en el MCT8-SAHD trabajaban en relativo aislamiento. No hab\u00eda posibilidades de obtener financiaci\u00f3n de parte de las grandes empresas farmac\u00e9uticas, ya que el s\u00edndrome es muy poco frecuente, y la naturaleza altamente competitiva de los investigadores, que quieren tener exclusividad en cuanto a los nuevos descubrimientos, dificultar\u00eda la colaboraci\u00f3n.<\/p>\n\n\n\n<p>Hasta el d\u00eda de hoy, la Sherman Foundation tiene el mismo objetivo &#8211; acelerar el paso hacia una \u00abcura\u00bb para el MCT8-SAHD, poniendo a disposici\u00f3n una importante financiaci\u00f3n de la investigaci\u00f3n cient\u00edfica orientada hacia el tratamiento. Tambi\u00e9n ha provisto fondos para una conferencia multidisciplinaria anual acerca del MCT8-SAHD para fomentar la colaboraci\u00f3n y el pensamiento creativo de los principales investigadores internacionales. &nbsp;Hay varias esferas de actividad y logros variados (seg\u00fan nuestro enfoque multidisciplinario), pero somos unidos en empe\u00f1arnos de mejorar las posibilidades de tratamiento. Este enfoque tambi\u00e9n contempla la necesidad de contar con m\u00faltiples plataformas de investigaci\u00f3n, que son necesarias cuando se busca la aprobaci\u00f3n (FDA) de medicamentos o de procedimientos de tratamiento espec\u00edficos.<\/p>\n\n\n\n<p><strong>2005<\/strong><\/p>\n\n\n\n<p>Un grupo de tres madres comprometidas, junto con un investigador y con la ayuda del Centro Gen\u00e9tico Greenwood, crearon la primera p\u00e1gina web para MCT8-SAHD. La p\u00e1gina web ayud\u00f3 a conseguir una mayor sensibilizaci\u00f3n del p\u00fablico acerca de este s\u00edndrome muy raro. La p\u00e1gina conten\u00eda sus relatos personales y proporcionaba informaci\u00f3n, apoyo y contactos de m\u00e9dicos para padres que estaban en busca de un diagn\u00f3stico para su hijo, o que hab\u00edan recibido uno recientemente.<\/p>\n","protected":false},"excerpt":{"rendered":"<p>\u00bfQu\u00e9 llev\u00f3 a la creaci\u00f3n de la MCT8-AHDS Foundation? 9 de febrero de 2018 MCT8-AHDS Foundation, una fundaci\u00f3n sin \u00e1nimo de lucro, se convirti\u00f3 en miembro de Eurordis Enfermedades Raras de Europa; el estatuto de miembro asociado de EURORDIS fue aprobado oficialmente por la Junta Directiva. Octubre de 2017 Se cre\u00f3 y se aprob\u00f3 la [&hellip;]<\/p>\n","protected":false},"author":1,"featured_media":397,"parent":0,"menu_order":0,"comment_status":"closed","ping_status":"closed","template":"","meta":{"footnotes":""},"class_list":["post-257","page","type-page","status-publish","has-post-thumbnail","hentry"],"yoast_head":"<!-- This site is optimized with the Yoast SEO plugin v25.4 - https:\/\/yoast.com\/wordpress\/plugins\/seo\/ -->\n<title>Acerca de nosotros - MCT8 - AHDS Foundation<\/title>\n<meta name=\"robots\" content=\"index, follow, max-snippet:-1, max-image-preview:large, max-video-preview:-1\" \/>\n<link rel=\"canonical\" href=\"https:\/\/www.mct8.info\/es\/acerca-de-nosotros\/\" \/>\n<meta property=\"og:locale\" content=\"es_ES\" \/>\n<meta property=\"og:type\" content=\"article\" \/>\n<meta property=\"og:title\" content=\"Acerca de nosotros - MCT8 - AHDS Foundation\" \/>\n<meta property=\"og:description\" content=\"\u00bfQu\u00e9 llev\u00f3 a la creaci\u00f3n de la MCT8-AHDS Foundation? 9 de febrero de 2018 MCT8-AHDS Foundation, una fundaci\u00f3n sin \u00e1nimo de lucro, se convirti\u00f3 en miembro de Eurordis Enfermedades Raras de Europa; el estatuto de miembro asociado de EURORDIS fue aprobado oficialmente por la Junta Directiva. Octubre de 2017 Se cre\u00f3 y se aprob\u00f3 la [&hellip;]\" \/>\n<meta property=\"og:url\" content=\"https:\/\/www.mct8.info\/es\/acerca-de-nosotros\/\" \/>\n<meta property=\"og:site_name\" content=\"MCT8 - AHDS Foundation\" \/>\n<meta property=\"article:publisher\" content=\"https:\/\/www.facebook.com\/Mct8.AHDSFoundation\" \/>\n<meta property=\"article:modified_time\" content=\"2024-05-05T07:10:27+00:00\" \/>\n<meta property=\"og:image\" content=\"https:\/\/www.mct8.info\/wp-content\/uploads\/2024\/05\/acerca-de-nosotros-1024x346.png\" \/>\n\t<meta property=\"og:image:width\" content=\"1024\" \/>\n\t<meta property=\"og:image:height\" content=\"346\" \/>\n\t<meta property=\"og:image:type\" content=\"image\/png\" \/>\n<meta name=\"twitter:card\" content=\"summary_large_image\" \/>\n<meta name=\"twitter:label1\" content=\"Est. reading time\" \/>\n\t<meta name=\"twitter:data1\" content=\"4 minutes\" \/>\n<script type=\"application\/ld+json\" class=\"yoast-schema-graph\">{\"@context\":\"https:\/\/schema.org\",\"@graph\":[{\"@type\":\"WebPage\",\"@id\":\"https:\/\/www.mct8.info\/es\/acerca-de-nosotros\/\",\"url\":\"https:\/\/www.mct8.info\/es\/acerca-de-nosotros\/\",\"name\":\"Acerca de nosotros - MCT8 - AHDS Foundation\",\"isPartOf\":{\"@id\":\"https:\/\/www.mct8.info\/es\/#website\"},\"primaryImageOfPage\":{\"@id\":\"https:\/\/www.mct8.info\/es\/acerca-de-nosotros\/#primaryimage\"},\"image\":{\"@id\":\"https:\/\/www.mct8.info\/es\/acerca-de-nosotros\/#primaryimage\"},\"thumbnailUrl\":\"https:\/\/www.mct8.info\/wp-content\/uploads\/2024\/05\/acerca-de-nosotros.png\",\"datePublished\":\"2023-11-23T15:44:38+00:00\",\"dateModified\":\"2024-05-05T07:10:27+00:00\",\"breadcrumb\":{\"@id\":\"https:\/\/www.mct8.info\/es\/acerca-de-nosotros\/#breadcrumb\"},\"inLanguage\":\"es-ES\",\"potentialAction\":[{\"@type\":\"ReadAction\",\"target\":[\"https:\/\/www.mct8.info\/es\/acerca-de-nosotros\/\"]}]},{\"@type\":\"ImageObject\",\"inLanguage\":\"es-ES\",\"@id\":\"https:\/\/www.mct8.info\/es\/acerca-de-nosotros\/#primaryimage\",\"url\":\"https:\/\/www.mct8.info\/wp-content\/uploads\/2024\/05\/acerca-de-nosotros.png\",\"contentUrl\":\"https:\/\/www.mct8.info\/wp-content\/uploads\/2024\/05\/acerca-de-nosotros.png\",\"width\":1889,\"height\":639},{\"@type\":\"BreadcrumbList\",\"@id\":\"https:\/\/www.mct8.info\/es\/acerca-de-nosotros\/#breadcrumb\",\"itemListElement\":[{\"@type\":\"ListItem\",\"position\":1,\"name\":\"Home\",\"item\":\"https:\/\/www.mct8.info\/es\/\"},{\"@type\":\"ListItem\",\"position\":2,\"name\":\"Acerca de nosotros\"}]},{\"@type\":\"WebSite\",\"@id\":\"https:\/\/www.mct8.info\/es\/#website\",\"url\":\"https:\/\/www.mct8.info\/es\/\",\"name\":\"MCT8-AHDS is Non-Profit Foundation\",\"description\":\"MCT8 Deficiency also known as Allan-Herndon-Dudley\",\"publisher\":{\"@id\":\"https:\/\/www.mct8.info\/es\/#organization\"},\"potentialAction\":[{\"@type\":\"SearchAction\",\"target\":{\"@type\":\"EntryPoint\",\"urlTemplate\":\"https:\/\/www.mct8.info\/es\/?s={search_term_string}\"},\"query-input\":{\"@type\":\"PropertyValueSpecification\",\"valueRequired\":true,\"valueName\":\"search_term_string\"}}],\"inLanguage\":\"es-ES\"},{\"@type\":\"Organization\",\"@id\":\"https:\/\/www.mct8.info\/es\/#organization\",\"name\":\"MCT8-AHDS is Non-Profit Foundation\",\"url\":\"https:\/\/www.mct8.info\/es\/\",\"logo\":{\"@type\":\"ImageObject\",\"inLanguage\":\"es-ES\",\"@id\":\"https:\/\/www.mct8.info\/es\/#\/schema\/logo\/image\/\",\"url\":\"https:\/\/www.mct8.info\/wp-content\/uploads\/2024\/08\/Logo-AHDS-MCT8-Foundation_300px.png\",\"contentUrl\":\"https:\/\/www.mct8.info\/wp-content\/uploads\/2024\/08\/Logo-AHDS-MCT8-Foundation_300px.png\",\"width\":178,\"height\":60,\"caption\":\"MCT8-AHDS is Non-Profit Foundation\"},\"image\":{\"@id\":\"https:\/\/www.mct8.info\/es\/#\/schema\/logo\/image\/\"},\"sameAs\":[\"https:\/\/www.facebook.com\/Mct8.AHDSFoundation\"]}]}<\/script>\n<!-- \/ Yoast SEO plugin. -->","yoast_head_json":{"title":"Acerca de nosotros - MCT8 - AHDS Foundation","robots":{"index":"index","follow":"follow","max-snippet":"max-snippet:-1","max-image-preview":"max-image-preview:large","max-video-preview":"max-video-preview:-1"},"canonical":"https:\/\/www.mct8.info\/es\/acerca-de-nosotros\/","og_locale":"es_ES","og_type":"article","og_title":"Acerca de nosotros - MCT8 - AHDS Foundation","og_description":"\u00bfQu\u00e9 llev\u00f3 a la creaci\u00f3n de la MCT8-AHDS Foundation? 9 de febrero de 2018 MCT8-AHDS Foundation, una fundaci\u00f3n sin \u00e1nimo de lucro, se convirti\u00f3 en miembro de Eurordis Enfermedades Raras de Europa; el estatuto de miembro asociado de EURORDIS fue aprobado oficialmente por la Junta Directiva. Octubre de 2017 Se cre\u00f3 y se aprob\u00f3 la [&hellip;]","og_url":"https:\/\/www.mct8.info\/es\/acerca-de-nosotros\/","og_site_name":"MCT8 - AHDS Foundation","article_publisher":"https:\/\/www.facebook.com\/Mct8.AHDSFoundation","article_modified_time":"2024-05-05T07:10:27+00:00","og_image":[{"width":1024,"height":346,"url":"https:\/\/www.mct8.info\/wp-content\/uploads\/2024\/05\/acerca-de-nosotros-1024x346.png","type":"image\/png"}],"twitter_card":"summary_large_image","twitter_misc":{"Est. reading time":"4 minutes"},"schema":{"@context":"https:\/\/schema.org","@graph":[{"@type":"WebPage","@id":"https:\/\/www.mct8.info\/es\/acerca-de-nosotros\/","url":"https:\/\/www.mct8.info\/es\/acerca-de-nosotros\/","name":"Acerca de nosotros - MCT8 - AHDS Foundation","isPartOf":{"@id":"https:\/\/www.mct8.info\/es\/#website"},"primaryImageOfPage":{"@id":"https:\/\/www.mct8.info\/es\/acerca-de-nosotros\/#primaryimage"},"image":{"@id":"https:\/\/www.mct8.info\/es\/acerca-de-nosotros\/#primaryimage"},"thumbnailUrl":"https:\/\/www.mct8.info\/wp-content\/uploads\/2024\/05\/acerca-de-nosotros.png","datePublished":"2023-11-23T15:44:38+00:00","dateModified":"2024-05-05T07:10:27+00:00","breadcrumb":{"@id":"https:\/\/www.mct8.info\/es\/acerca-de-nosotros\/#breadcrumb"},"inLanguage":"es-ES","potentialAction":[{"@type":"ReadAction","target":["https:\/\/www.mct8.info\/es\/acerca-de-nosotros\/"]}]},{"@type":"ImageObject","inLanguage":"es-ES","@id":"https:\/\/www.mct8.info\/es\/acerca-de-nosotros\/#primaryimage","url":"https:\/\/www.mct8.info\/wp-content\/uploads\/2024\/05\/acerca-de-nosotros.png","contentUrl":"https:\/\/www.mct8.info\/wp-content\/uploads\/2024\/05\/acerca-de-nosotros.png","width":1889,"height":639},{"@type":"BreadcrumbList","@id":"https:\/\/www.mct8.info\/es\/acerca-de-nosotros\/#breadcrumb","itemListElement":[{"@type":"ListItem","position":1,"name":"Home","item":"https:\/\/www.mct8.info\/es\/"},{"@type":"ListItem","position":2,"name":"Acerca de nosotros"}]},{"@type":"WebSite","@id":"https:\/\/www.mct8.info\/es\/#website","url":"https:\/\/www.mct8.info\/es\/","name":"MCT8-AHDS is Non-Profit Foundation","description":"MCT8 Deficiency also known as Allan-Herndon-Dudley","publisher":{"@id":"https:\/\/www.mct8.info\/es\/#organization"},"potentialAction":[{"@type":"SearchAction","target":{"@type":"EntryPoint","urlTemplate":"https:\/\/www.mct8.info\/es\/?s={search_term_string}"},"query-input":{"@type":"PropertyValueSpecification","valueRequired":true,"valueName":"search_term_string"}}],"inLanguage":"es-ES"},{"@type":"Organization","@id":"https:\/\/www.mct8.info\/es\/#organization","name":"MCT8-AHDS is Non-Profit Foundation","url":"https:\/\/www.mct8.info\/es\/","logo":{"@type":"ImageObject","inLanguage":"es-ES","@id":"https:\/\/www.mct8.info\/es\/#\/schema\/logo\/image\/","url":"https:\/\/www.mct8.info\/wp-content\/uploads\/2024\/08\/Logo-AHDS-MCT8-Foundation_300px.png","contentUrl":"https:\/\/www.mct8.info\/wp-content\/uploads\/2024\/08\/Logo-AHDS-MCT8-Foundation_300px.png","width":178,"height":60,"caption":"MCT8-AHDS is Non-Profit Foundation"},"image":{"@id":"https:\/\/www.mct8.info\/es\/#\/schema\/logo\/image\/"},"sameAs":["https:\/\/www.facebook.com\/Mct8.AHDSFoundation"]}]}},"_links":{"self":[{"href":"https:\/\/www.mct8.info\/es\/wp-json\/wp\/v2\/pages\/257","targetHints":{"allow":["GET"]}}],"collection":[{"href":"https:\/\/www.mct8.info\/es\/wp-json\/wp\/v2\/pages"}],"about":[{"href":"https:\/\/www.mct8.info\/es\/wp-json\/wp\/v2\/types\/page"}],"author":[{"embeddable":true,"href":"https:\/\/www.mct8.info\/es\/wp-json\/wp\/v2\/users\/1"}],"replies":[{"embeddable":true,"href":"https:\/\/www.mct8.info\/es\/wp-json\/wp\/v2\/comments?post=257"}],"version-history":[{"count":1,"href":"https:\/\/www.mct8.info\/es\/wp-json\/wp\/v2\/pages\/257\/revisions"}],"predecessor-version":[{"id":258,"href":"https:\/\/www.mct8.info\/es\/wp-json\/wp\/v2\/pages\/257\/revisions\/258"}],"wp:featuredmedia":[{"embeddable":true,"href":"https:\/\/www.mct8.info\/es\/wp-json\/wp\/v2\/media\/397"}],"wp:attachment":[{"href":"https:\/\/www.mct8.info\/es\/wp-json\/wp\/v2\/media?parent=257"}],"curies":[{"name":"wp","href":"https:\/\/api.w.org\/{rel}","templated":true}]}}